{"id":147,"date":"2016-11-28T12:38:28","date_gmt":"2016-11-28T12:38:28","guid":{"rendered":"https:\/\/dev-wp.evalartapp.com\/?page_id=147"},"modified":"2022-02-25T16:50:01","modified_gmt":"2022-02-25T16:50:01","slug":"psycometric","status":"publish","type":"page","link":"https:\/\/dev-wp.evalartapp.com\/en\/psycometric\/","title":{"rendered":"Personality"},"content":{"rendered":"<p>Evalart includes tests to measure various aspects of personality, allowing you to identify candidates that fit the profile of the position as well as the culture of your company. Inside the Evalart test library you will find DISC tests, the 5 Factors test, as well as other tests to measure aspects such as energy, responsibility, introversion\/extroversion, creativity, etc.<\/p>\n<p>Personality tests in general do not attempt to determine if a particular characteristic is good or bad, but rather provide a profile that allows you to know a little more about the candidate and see how his personality fits with the needs of the position, how he would diversify the team in terms of personality, and also how he would fit in with the company culture.<\/p>\n<p>However, there are studies that identify certain personality characteristics as predictors of greater probabilities of better performance in certain areas, but you should always be certain about what these characteristics are based on the position sought.<\/p>\n<p>Another good reason to use personality tests is to achieve diversity in terms of personality in your teams, as this is an important factor for balanced teams with great potential.<\/p>\n<p>Always remember that psych technical tests are only a way to get to know a candidate and should not generally be used as the only means of evaluation. At Evalart we recommend first using aptitude and skills tests as a first filter, since these objectively allow you to reduce the number of candidates that will continue in the process. Psych technical tests can be included to complement subsequent interviews with the candidates with the greatest potential in order to find the ideal profile for the position.<\/p>","protected":false},"excerpt":{"rendered":"<p>Evalart includes tests to measure various aspects of personality, allowing you to identify candidates that fit the profile of the position as well as the culture of your company. Inside the Evalart test library you will find DISC tests, the 5 Factors test, as well as other tests to measure aspects such as energy, responsibility, [&hellip;]<\/p>\n","protected":false},"author":5,"featured_media":149,"parent":0,"menu_order":0,"comment_status":"closed","ping_status":"closed","template":"page-templates\/psycometric.php","meta":{"_acf_changed":false,"inline_featured_image":false,"footnotes":""},"class_list":["post-147","page","type-page","status-publish","has-post-thumbnail","hentry"],"acf":[],"yoast_head":"<!-- This site is optimized with the Yoast SEO plugin v27.1.1 - https:\/\/yoast.com\/product\/yoast-seo-wordpress\/ -->\n<title>Pruebas Psicom\u00e9tricas en L\u00ednea<\/title>\n<meta name=\"description\" content=\"Con las pruebas psicom\u00e9tricas en l\u00ednea de Evalart puede evaluar importantes factores de la Personalidad. Incluye pruebas como DISC y los 5 factores.\" \/>\n<meta name=\"robots\" content=\"index, follow, max-snippet:-1, max-image-preview:large, max-video-preview:-1\" \/>\n<link rel=\"canonical\" href=\"https:\/\/evalart.com\/en\/psycometric\/\" \/>\n<meta property=\"og:locale\" content=\"en_US\" \/>\n<meta property=\"og:type\" content=\"article\" \/>\n<meta property=\"og:title\" content=\"Pruebas Psicom\u00e9tricas en L\u00ednea\" \/>\n<meta property=\"og:description\" content=\"Con las pruebas psicom\u00e9tricas en l\u00ednea de Evalart puede evaluar importantes factores de la Personalidad. Incluye pruebas como DISC y los 5 factores.\" \/>\n<meta property=\"og:url\" content=\"https:\/\/evalart.com\/en\/psycometric\/\" \/>\n<meta property=\"og:site_name\" content=\"Evalart\" \/>\n<meta property=\"article:modified_time\" content=\"2022-02-25T16:50:01+00:00\" \/>\n<meta property=\"og:image\" content=\"https:\/\/evalart.com\/wp-content\/uploads\/2016\/11\/pstc-img.jpg\" \/>\n\t<meta property=\"og:image:width\" content=\"353\" \/>\n\t<meta property=\"og:image:height\" content=\"222\" \/>\n\t<meta property=\"og:image:type\" content=\"image\/jpeg\" \/>\n<meta name=\"twitter:card\" content=\"summary_large_image\" \/>\n<meta name=\"twitter:label1\" content=\"Est. reading time\" \/>\n\t<meta name=\"twitter:data1\" content=\"2 minutes\" \/>\n<script type=\"application\/ld+json\" class=\"yoast-schema-graph\">{\"@context\":\"https:\/\/schema.org\",\"@graph\":[{\"@type\":\"WebPage\",\"@id\":\"https:\/\/evalart.com\/en\/psycometric\/\",\"url\":\"https:\/\/evalart.com\/en\/psycometric\/\",\"name\":\"Pruebas Psicom\u00e9tricas en L\u00ednea\",\"isPartOf\":{\"@id\":\"https:\/\/evalart.com\/pb\/#website\"},\"primaryImageOfPage\":{\"@id\":\"https:\/\/evalart.com\/en\/psycometric\/#primaryimage\"},\"image\":{\"@id\":\"https:\/\/evalart.com\/en\/psycometric\/#primaryimage\"},\"thumbnailUrl\":\"https:\/\/dev-wp.evalartapp.com\/wp-content\/uploads\/2016\/11\/pstc-img.jpg\",\"datePublished\":\"2016-11-28T12:38:28+00:00\",\"dateModified\":\"2022-02-25T16:50:01+00:00\",\"description\":\"Con las pruebas psicom\u00e9tricas en l\u00ednea de Evalart puede evaluar importantes factores de la Personalidad. Incluye pruebas como DISC y los 5 factores.\",\"breadcrumb\":{\"@id\":\"https:\/\/evalart.com\/en\/psycometric\/#breadcrumb\"},\"inLanguage\":\"en-US\",\"potentialAction\":[{\"@type\":\"ReadAction\",\"target\":[\"https:\/\/evalart.com\/en\/psycometric\/\"]}]},{\"@type\":\"ImageObject\",\"inLanguage\":\"en-US\",\"@id\":\"https:\/\/evalart.com\/en\/psycometric\/#primaryimage\",\"url\":\"https:\/\/dev-wp.evalartapp.com\/wp-content\/uploads\/2016\/11\/pstc-img.jpg\",\"contentUrl\":\"https:\/\/dev-wp.evalartapp.com\/wp-content\/uploads\/2016\/11\/pstc-img.jpg\",\"width\":353,\"height\":222},{\"@type\":\"BreadcrumbList\",\"@id\":\"https:\/\/evalart.com\/en\/psycometric\/#breadcrumb\",\"itemListElement\":[{\"@type\":\"ListItem\",\"position\":1,\"name\":\"Portada\",\"item\":\"https:\/\/evalart.com\/pb\/\"},{\"@type\":\"ListItem\",\"position\":2,\"name\":\"Personality\"}]},{\"@type\":\"WebSite\",\"@id\":\"https:\/\/evalart.com\/pb\/#website\",\"url\":\"https:\/\/evalart.com\/pb\/\",\"name\":\"Evalart\",\"description\":\"Skills Assessment Platform for your Recruiting Process\",\"publisher\":{\"@id\":\"https:\/\/evalart.com\/pb\/#organization\"},\"potentialAction\":[{\"@type\":\"SearchAction\",\"target\":{\"@type\":\"EntryPoint\",\"urlTemplate\":\"https:\/\/evalart.com\/pb\/?s={search_term_string}\"},\"query-input\":{\"@type\":\"PropertyValueSpecification\",\"valueRequired\":true,\"valueName\":\"search_term_string\"}}],\"inLanguage\":\"en-US\"},{\"@type\":\"Organization\",\"@id\":\"https:\/\/evalart.com\/pb\/#organization\",\"name\":\"Evalart\",\"url\":\"https:\/\/evalart.com\/pb\/\",\"logo\":{\"@type\":\"ImageObject\",\"inLanguage\":\"en-US\",\"@id\":\"https:\/\/evalart.com\/pb\/#\/schema\/logo\/image\/\",\"url\":\"https:\/\/dev-wp.evalartapp.com\/wp-content\/uploads\/2024\/03\/evalart-logo.svg\",\"contentUrl\":\"https:\/\/dev-wp.evalartapp.com\/wp-content\/uploads\/2024\/03\/evalart-logo.svg\",\"caption\":\"Evalart\"},\"image\":{\"@id\":\"https:\/\/evalart.com\/pb\/#\/schema\/logo\/image\/\"}}]}<\/script>\n<!-- \/ Yoast SEO plugin. -->","yoast_head_json":{"title":"Pruebas Psicom\u00e9tricas en L\u00ednea","description":"Con las pruebas psicom\u00e9tricas en l\u00ednea de Evalart puede evaluar importantes factores de la Personalidad. Incluye pruebas como DISC y los 5 factores.","robots":{"index":"index","follow":"follow","max-snippet":"max-snippet:-1","max-image-preview":"max-image-preview:large","max-video-preview":"max-video-preview:-1"},"canonical":"https:\/\/evalart.com\/en\/psycometric\/","og_locale":"en_US","og_type":"article","og_title":"Pruebas Psicom\u00e9tricas en L\u00ednea","og_description":"Con las pruebas psicom\u00e9tricas en l\u00ednea de Evalart puede evaluar importantes factores de la Personalidad. Incluye pruebas como DISC y los 5 factores.","og_url":"https:\/\/evalart.com\/en\/psycometric\/","og_site_name":"Evalart","article_modified_time":"2022-02-25T16:50:01+00:00","og_image":[{"width":353,"height":222,"url":"https:\/\/evalart.com\/wp-content\/uploads\/2016\/11\/pstc-img.jpg","type":"image\/jpeg"}],"twitter_card":"summary_large_image","twitter_misc":{"Est. reading time":"2 minutes"},"schema":{"@context":"https:\/\/schema.org","@graph":[{"@type":"WebPage","@id":"https:\/\/evalart.com\/en\/psycometric\/","url":"https:\/\/evalart.com\/en\/psycometric\/","name":"Pruebas Psicom\u00e9tricas en L\u00ednea","isPartOf":{"@id":"https:\/\/evalart.com\/pb\/#website"},"primaryImageOfPage":{"@id":"https:\/\/evalart.com\/en\/psycometric\/#primaryimage"},"image":{"@id":"https:\/\/evalart.com\/en\/psycometric\/#primaryimage"},"thumbnailUrl":"https:\/\/dev-wp.evalartapp.com\/wp-content\/uploads\/2016\/11\/pstc-img.jpg","datePublished":"2016-11-28T12:38:28+00:00","dateModified":"2022-02-25T16:50:01+00:00","description":"Con las pruebas psicom\u00e9tricas en l\u00ednea de Evalart puede evaluar importantes factores de la Personalidad. Incluye pruebas como DISC y los 5 factores.","breadcrumb":{"@id":"https:\/\/evalart.com\/en\/psycometric\/#breadcrumb"},"inLanguage":"en-US","potentialAction":[{"@type":"ReadAction","target":["https:\/\/evalart.com\/en\/psycometric\/"]}]},{"@type":"ImageObject","inLanguage":"en-US","@id":"https:\/\/evalart.com\/en\/psycometric\/#primaryimage","url":"https:\/\/dev-wp.evalartapp.com\/wp-content\/uploads\/2016\/11\/pstc-img.jpg","contentUrl":"https:\/\/dev-wp.evalartapp.com\/wp-content\/uploads\/2016\/11\/pstc-img.jpg","width":353,"height":222},{"@type":"BreadcrumbList","@id":"https:\/\/evalart.com\/en\/psycometric\/#breadcrumb","itemListElement":[{"@type":"ListItem","position":1,"name":"Portada","item":"https:\/\/evalart.com\/pb\/"},{"@type":"ListItem","position":2,"name":"Personality"}]},{"@type":"WebSite","@id":"https:\/\/evalart.com\/pb\/#website","url":"https:\/\/evalart.com\/pb\/","name":"Evalart","description":"Skills Assessment Platform for your Recruiting Process","publisher":{"@id":"https:\/\/evalart.com\/pb\/#organization"},"potentialAction":[{"@type":"SearchAction","target":{"@type":"EntryPoint","urlTemplate":"https:\/\/evalart.com\/pb\/?s={search_term_string}"},"query-input":{"@type":"PropertyValueSpecification","valueRequired":true,"valueName":"search_term_string"}}],"inLanguage":"en-US"},{"@type":"Organization","@id":"https:\/\/evalart.com\/pb\/#organization","name":"Evalart","url":"https:\/\/evalart.com\/pb\/","logo":{"@type":"ImageObject","inLanguage":"en-US","@id":"https:\/\/evalart.com\/pb\/#\/schema\/logo\/image\/","url":"https:\/\/dev-wp.evalartapp.com\/wp-content\/uploads\/2024\/03\/evalart-logo.svg","contentUrl":"https:\/\/dev-wp.evalartapp.com\/wp-content\/uploads\/2024\/03\/evalart-logo.svg","caption":"Evalart"},"image":{"@id":"https:\/\/evalart.com\/pb\/#\/schema\/logo\/image\/"}}]}},"_links":{"self":[{"href":"https:\/\/dev-wp.evalartapp.com\/en\/wp-json\/wp\/v2\/pages\/147","targetHints":{"allow":["GET"]}}],"collection":[{"href":"https:\/\/dev-wp.evalartapp.com\/en\/wp-json\/wp\/v2\/pages"}],"about":[{"href":"https:\/\/dev-wp.evalartapp.com\/en\/wp-json\/wp\/v2\/types\/page"}],"author":[{"embeddable":true,"href":"https:\/\/dev-wp.evalartapp.com\/en\/wp-json\/wp\/v2\/users\/5"}],"replies":[{"embeddable":true,"href":"https:\/\/dev-wp.evalartapp.com\/en\/wp-json\/wp\/v2\/comments?post=147"}],"version-history":[{"count":9,"href":"https:\/\/dev-wp.evalartapp.com\/en\/wp-json\/wp\/v2\/pages\/147\/revisions"}],"predecessor-version":[{"id":2025,"href":"https:\/\/dev-wp.evalartapp.com\/en\/wp-json\/wp\/v2\/pages\/147\/revisions\/2025"}],"wp:featuredmedia":[{"embeddable":true,"href":"https:\/\/dev-wp.evalartapp.com\/en\/wp-json\/wp\/v2\/media\/149"}],"wp:attachment":[{"href":"https:\/\/dev-wp.evalartapp.com\/en\/wp-json\/wp\/v2\/media?parent=147"}],"curies":[{"name":"wp","href":"https:\/\/api.w.org\/{rel}","templated":true}]}}