{"id":147,"date":"2016-11-28T12:38:28","date_gmt":"2016-11-28T12:38:28","guid":{"rendered":"https:\/\/dev-wp.evalartapp.com\/?page_id=147"},"modified":"2022-02-25T16:50:01","modified_gmt":"2022-02-25T16:50:01","slug":"psycometric","status":"publish","type":"page","link":"https:\/\/dev-wp.evalartapp.com\/es\/psycometric\/","title":{"rendered":"Personalidad"},"content":{"rendered":"<p>Evalart incluye pruebas para medir diversos aspectos de la personalidad, lo que le permite identificar candidatos que se ajusten a los perfiles del puesto, as\u00ed como a la cultura de su empresa. Dentro de la librer\u00eda de pruebas de Evalart encontrar\u00e1 pruebas DISC, la prueba de los 5 Factores, as\u00ed como otras pruebas para medir aspectos como energ\u00eda, responsabilidad, introversi\u00f3n\/extroversi\u00f3n, creatividad, etc.<\/p>\n<p>Las pruebas psicom\u00e9tricas en general no pretender determinar si una caracter\u00edstica en particular es buena o mala, si no mas bien entregar un perfil que permita conocer un poco m\u00e1s al candidato y ver como su personalidad se ajusta a las necesidades del puesto, como aportar\u00eda a la diversidad en el equipo en t\u00e9rminos de personalidad y tambi\u00e9n como se ajustar\u00eda a la cultura de la empresa.<\/p>\n<p>A pesar de eso, existen estudios que identifican ciertas caracter\u00edsticas de la personalidad como predictoras de mayores probabilidades de un mejor desempe\u00f1o en ciertas \u00e1reas, pero siempre debe tener claras cuales son estas caracter\u00edsticas seg\u00fan el puesto buscado.<\/p>\n<p>Otra buena raz\u00f3n para utilizar pruebas de personalidad es para lograr diversidad en t\u00e9rminos de personalidad en sus equipos ya que este es un factor importante para equipos equilibrados y de gran potencial.<\/p>\n<p>Recuerde siempre que las pruebas psicot\u00e9cnicas son solo una forma de conocer a un candidato y no deben en general utilizarse como \u00fanico medio para la evaluaci\u00f3n. En Evalart recomendamos utilizar primero pruebas de aptitud y habilidades como primer filtro, ya que estas permiten objetivamente reducir el n\u00famero de candidatos que deben seguir en el proceso. Las pruebas psicot\u00e9cnicas se pueden incluir para complementar entrevistas posteriores a los candidatos con mayor potencial para as\u00ed lograr encontrar al perfil ideal para el puesto.<\/p>","protected":false},"excerpt":{"rendered":"<p>Evalart incluye pruebas para medir diversos aspectos de la personalidad, lo que le permite identificar candidatos que se ajusten a los perfiles del puesto, as\u00ed como a la cultura de su empresa. Dentro de la librer\u00eda de pruebas de Evalart encontrar\u00e1 pruebas DISC, la prueba de los 5 Factores, as\u00ed como otras pruebas para medir [&hellip;]<\/p>\n","protected":false},"author":5,"featured_media":149,"parent":0,"menu_order":0,"comment_status":"closed","ping_status":"closed","template":"page-templates\/psycometric.php","meta":{"_acf_changed":false,"inline_featured_image":false,"footnotes":""},"class_list":["post-147","page","type-page","status-publish","has-post-thumbnail","hentry"],"acf":[],"yoast_head":"<!-- This site is optimized with the Yoast SEO plugin v27.1.1 - https:\/\/yoast.com\/product\/yoast-seo-wordpress\/ -->\n<title>Pruebas Psicom\u00e9tricas en L\u00ednea<\/title>\n<meta name=\"description\" content=\"Con las pruebas psicom\u00e9tricas en l\u00ednea de Evalart puede evaluar importantes factores de la Personalidad. Incluye pruebas como DISC y los 5 factores.\" \/>\n<meta name=\"robots\" content=\"index, follow, max-snippet:-1, max-image-preview:large, max-video-preview:-1\" \/>\n<link rel=\"canonical\" href=\"https:\/\/evalart.com\/en\/psycometric\/\" \/>\n<meta property=\"og:locale\" content=\"es_ES\" \/>\n<meta property=\"og:type\" content=\"article\" \/>\n<meta property=\"og:title\" content=\"Pruebas Psicom\u00e9tricas en L\u00ednea\" \/>\n<meta property=\"og:description\" content=\"Con las pruebas psicom\u00e9tricas en l\u00ednea de Evalart puede evaluar importantes factores de la Personalidad. Incluye pruebas como DISC y los 5 factores.\" \/>\n<meta property=\"og:url\" content=\"https:\/\/evalart.com\/en\/psycometric\/\" \/>\n<meta property=\"og:site_name\" content=\"Evalart\" \/>\n<meta property=\"article:modified_time\" content=\"2022-02-25T16:50:01+00:00\" \/>\n<meta property=\"og:image\" content=\"https:\/\/evalart.com\/wp-content\/uploads\/2016\/11\/pstc-img.jpg\" \/>\n\t<meta property=\"og:image:width\" content=\"353\" \/>\n\t<meta property=\"og:image:height\" content=\"222\" \/>\n\t<meta property=\"og:image:type\" content=\"image\/jpeg\" \/>\n<meta name=\"twitter:card\" content=\"summary_large_image\" \/>\n<meta name=\"twitter:label1\" content=\"Tiempo de lectura\" \/>\n\t<meta name=\"twitter:data1\" content=\"2 minutos\" \/>\n<script type=\"application\/ld+json\" class=\"yoast-schema-graph\">{\"@context\":\"https:\/\/schema.org\",\"@graph\":[{\"@type\":\"WebPage\",\"@id\":\"https:\/\/evalart.com\/en\/psycometric\/\",\"url\":\"https:\/\/evalart.com\/en\/psycometric\/\",\"name\":\"Pruebas Psicom\u00e9tricas en L\u00ednea\",\"isPartOf\":{\"@id\":\"https:\/\/evalart.com\/pb\/#website\"},\"primaryImageOfPage\":{\"@id\":\"https:\/\/evalart.com\/en\/psycometric\/#primaryimage\"},\"image\":{\"@id\":\"https:\/\/evalart.com\/en\/psycometric\/#primaryimage\"},\"thumbnailUrl\":\"https:\/\/dev-wp.evalartapp.com\/wp-content\/uploads\/2016\/11\/pstc-img.jpg\",\"datePublished\":\"2016-11-28T12:38:28+00:00\",\"dateModified\":\"2022-02-25T16:50:01+00:00\",\"description\":\"Con las pruebas psicom\u00e9tricas en l\u00ednea de Evalart puede evaluar importantes factores de la Personalidad. Incluye pruebas como DISC y los 5 factores.\",\"breadcrumb\":{\"@id\":\"https:\/\/evalart.com\/en\/psycometric\/#breadcrumb\"},\"inLanguage\":\"es\",\"potentialAction\":[{\"@type\":\"ReadAction\",\"target\":[\"https:\/\/evalart.com\/en\/psycometric\/\"]}]},{\"@type\":\"ImageObject\",\"inLanguage\":\"es\",\"@id\":\"https:\/\/evalart.com\/en\/psycometric\/#primaryimage\",\"url\":\"https:\/\/dev-wp.evalartapp.com\/wp-content\/uploads\/2016\/11\/pstc-img.jpg\",\"contentUrl\":\"https:\/\/dev-wp.evalartapp.com\/wp-content\/uploads\/2016\/11\/pstc-img.jpg\",\"width\":353,\"height\":222},{\"@type\":\"BreadcrumbList\",\"@id\":\"https:\/\/evalart.com\/en\/psycometric\/#breadcrumb\",\"itemListElement\":[{\"@type\":\"ListItem\",\"position\":1,\"name\":\"Portada\",\"item\":\"https:\/\/evalart.com\/pb\/\"},{\"@type\":\"ListItem\",\"position\":2,\"name\":\"Personality\"}]},{\"@type\":\"WebSite\",\"@id\":\"https:\/\/evalart.com\/pb\/#website\",\"url\":\"https:\/\/evalart.com\/pb\/\",\"name\":\"Evalart\",\"description\":\"Skills Assessment Platform for your Recruiting Process\",\"publisher\":{\"@id\":\"https:\/\/evalart.com\/pb\/#organization\"},\"potentialAction\":[{\"@type\":\"SearchAction\",\"target\":{\"@type\":\"EntryPoint\",\"urlTemplate\":\"https:\/\/evalart.com\/pb\/?s={search_term_string}\"},\"query-input\":{\"@type\":\"PropertyValueSpecification\",\"valueRequired\":true,\"valueName\":\"search_term_string\"}}],\"inLanguage\":\"es\"},{\"@type\":\"Organization\",\"@id\":\"https:\/\/evalart.com\/pb\/#organization\",\"name\":\"Evalart\",\"url\":\"https:\/\/evalart.com\/pb\/\",\"logo\":{\"@type\":\"ImageObject\",\"inLanguage\":\"es\",\"@id\":\"https:\/\/evalart.com\/pb\/#\/schema\/logo\/image\/\",\"url\":\"https:\/\/dev-wp.evalartapp.com\/wp-content\/uploads\/2024\/03\/evalart-logo.svg\",\"contentUrl\":\"https:\/\/dev-wp.evalartapp.com\/wp-content\/uploads\/2024\/03\/evalart-logo.svg\",\"caption\":\"Evalart\"},\"image\":{\"@id\":\"https:\/\/evalart.com\/pb\/#\/schema\/logo\/image\/\"}}]}<\/script>\n<!-- \/ Yoast SEO plugin. -->","yoast_head_json":{"title":"Pruebas Psicom\u00e9tricas en L\u00ednea","description":"Con las pruebas psicom\u00e9tricas en l\u00ednea de Evalart puede evaluar importantes factores de la Personalidad. Incluye pruebas como DISC y los 5 factores.","robots":{"index":"index","follow":"follow","max-snippet":"max-snippet:-1","max-image-preview":"max-image-preview:large","max-video-preview":"max-video-preview:-1"},"canonical":"https:\/\/evalart.com\/en\/psycometric\/","og_locale":"es_ES","og_type":"article","og_title":"Pruebas Psicom\u00e9tricas en L\u00ednea","og_description":"Con las pruebas psicom\u00e9tricas en l\u00ednea de Evalart puede evaluar importantes factores de la Personalidad. Incluye pruebas como DISC y los 5 factores.","og_url":"https:\/\/evalart.com\/en\/psycometric\/","og_site_name":"Evalart","article_modified_time":"2022-02-25T16:50:01+00:00","og_image":[{"width":353,"height":222,"url":"https:\/\/evalart.com\/wp-content\/uploads\/2016\/11\/pstc-img.jpg","type":"image\/jpeg"}],"twitter_card":"summary_large_image","twitter_misc":{"Tiempo de lectura":"2 minutos"},"schema":{"@context":"https:\/\/schema.org","@graph":[{"@type":"WebPage","@id":"https:\/\/evalart.com\/en\/psycometric\/","url":"https:\/\/evalart.com\/en\/psycometric\/","name":"Pruebas Psicom\u00e9tricas en L\u00ednea","isPartOf":{"@id":"https:\/\/evalart.com\/pb\/#website"},"primaryImageOfPage":{"@id":"https:\/\/evalart.com\/en\/psycometric\/#primaryimage"},"image":{"@id":"https:\/\/evalart.com\/en\/psycometric\/#primaryimage"},"thumbnailUrl":"https:\/\/dev-wp.evalartapp.com\/wp-content\/uploads\/2016\/11\/pstc-img.jpg","datePublished":"2016-11-28T12:38:28+00:00","dateModified":"2022-02-25T16:50:01+00:00","description":"Con las pruebas psicom\u00e9tricas en l\u00ednea de Evalart puede evaluar importantes factores de la Personalidad. Incluye pruebas como DISC y los 5 factores.","breadcrumb":{"@id":"https:\/\/evalart.com\/en\/psycometric\/#breadcrumb"},"inLanguage":"es","potentialAction":[{"@type":"ReadAction","target":["https:\/\/evalart.com\/en\/psycometric\/"]}]},{"@type":"ImageObject","inLanguage":"es","@id":"https:\/\/evalart.com\/en\/psycometric\/#primaryimage","url":"https:\/\/dev-wp.evalartapp.com\/wp-content\/uploads\/2016\/11\/pstc-img.jpg","contentUrl":"https:\/\/dev-wp.evalartapp.com\/wp-content\/uploads\/2016\/11\/pstc-img.jpg","width":353,"height":222},{"@type":"BreadcrumbList","@id":"https:\/\/evalart.com\/en\/psycometric\/#breadcrumb","itemListElement":[{"@type":"ListItem","position":1,"name":"Portada","item":"https:\/\/evalart.com\/pb\/"},{"@type":"ListItem","position":2,"name":"Personality"}]},{"@type":"WebSite","@id":"https:\/\/evalart.com\/pb\/#website","url":"https:\/\/evalart.com\/pb\/","name":"Evalart","description":"Skills Assessment Platform for your Recruiting Process","publisher":{"@id":"https:\/\/evalart.com\/pb\/#organization"},"potentialAction":[{"@type":"SearchAction","target":{"@type":"EntryPoint","urlTemplate":"https:\/\/evalart.com\/pb\/?s={search_term_string}"},"query-input":{"@type":"PropertyValueSpecification","valueRequired":true,"valueName":"search_term_string"}}],"inLanguage":"es"},{"@type":"Organization","@id":"https:\/\/evalart.com\/pb\/#organization","name":"Evalart","url":"https:\/\/evalart.com\/pb\/","logo":{"@type":"ImageObject","inLanguage":"es","@id":"https:\/\/evalart.com\/pb\/#\/schema\/logo\/image\/","url":"https:\/\/dev-wp.evalartapp.com\/wp-content\/uploads\/2024\/03\/evalart-logo.svg","contentUrl":"https:\/\/dev-wp.evalartapp.com\/wp-content\/uploads\/2024\/03\/evalart-logo.svg","caption":"Evalart"},"image":{"@id":"https:\/\/evalart.com\/pb\/#\/schema\/logo\/image\/"}}]}},"_links":{"self":[{"href":"https:\/\/dev-wp.evalartapp.com\/es\/wp-json\/wp\/v2\/pages\/147","targetHints":{"allow":["GET"]}}],"collection":[{"href":"https:\/\/dev-wp.evalartapp.com\/es\/wp-json\/wp\/v2\/pages"}],"about":[{"href":"https:\/\/dev-wp.evalartapp.com\/es\/wp-json\/wp\/v2\/types\/page"}],"author":[{"embeddable":true,"href":"https:\/\/dev-wp.evalartapp.com\/es\/wp-json\/wp\/v2\/users\/5"}],"replies":[{"embeddable":true,"href":"https:\/\/dev-wp.evalartapp.com\/es\/wp-json\/wp\/v2\/comments?post=147"}],"version-history":[{"count":9,"href":"https:\/\/dev-wp.evalartapp.com\/es\/wp-json\/wp\/v2\/pages\/147\/revisions"}],"predecessor-version":[{"id":2025,"href":"https:\/\/dev-wp.evalartapp.com\/es\/wp-json\/wp\/v2\/pages\/147\/revisions\/2025"}],"wp:featuredmedia":[{"embeddable":true,"href":"https:\/\/dev-wp.evalartapp.com\/es\/wp-json\/wp\/v2\/media\/149"}],"wp:attachment":[{"href":"https:\/\/dev-wp.evalartapp.com\/es\/wp-json\/wp\/v2\/media?parent=147"}],"curies":[{"name":"wp","href":"https:\/\/api.w.org\/{rel}","templated":true}]}}