{"id":153,"date":"2016-11-28T12:48:49","date_gmt":"2016-11-28T12:48:49","guid":{"rendered":"https:\/\/dev-wp.evalartapp.com\/?page_id=153"},"modified":"2022-08-10T05:18:49","modified_gmt":"2022-08-10T05:18:49","slug":"aptitude","status":"publish","type":"page","link":"https:\/\/dev-wp.evalartapp.com\/es\/aptitude\/","title":{"rendered":"Aptitud"},"content":{"rendered":"<p>Las pruebas de aptitud miden la capacidad que tiene una persona en diversas areas. Con Evalart puede medir la aptitud de una persona en varios aspectos, como aptitud verbal, aptitud num\u00e9rica, capacidad anal\u00edtica, inteligencia (IQ\/CI), atenci\u00f3n a los detalles, interpretaci\u00f3n de datos, entre otros.<\/p>\n<p>A diferencia de las pruebas de conocimiento, que se basan m\u00e1s en la experiencia y el nivel de estudio de una persona, las pruebas de aptitud miden el potencial que la persona tiene para desempe\u00f1arse exitosamente en una area determinada. Por ejemplo, un desarrollador debe tener capacidad anal\u00edtica, mientras que un experto en Big Data debiera tener capacidad de interpretaci\u00f3n de datos. Las pruebas en linea de Evalart son un excelente pre filtro para evitar utilizar tiempo en entrevistas en candidatos que no tienen las capacidades requeridas para el puesto, as\u00ed como identificar aquellos que pueden tener excelente rendimiento.<\/p>\n<p>Dado que las pruebas de aptitud son un muy buen predictor de desempe\u00f1o futuro, son ideales como una primera linea de pruebas para reducir el n\u00famero de candidatos de sus procesos de selecci\u00f3n. De esta manera, dependiendo de la posici\u00f3n para la que se esta utilizando la prueba, es posible reducir la cantidad de candidatos a un tercio o menos. Dado que las pruebas se aplican en linea y se corrigen autom\u00e1ticamente, es posible evaluar una gran cantidad de candidatos en poco tiempo, lo que aumenta las posibilidades de encontrar al candidato ideal, as\u00ed como para enfocar los esfuerzos de selecci\u00f3n en los mejores candidatos, entrevistando solo aquellos que pasaron el filtro inicial de la prueba en l\u00ednea.<\/p>\n<p>Evalart incluye pruebas de aptitud listas para usar, ademas de una librer\u00eda de preguntas con las que puede crear sus propias pruebas. Incluso puede crear pruebas desde cero, creando sus propias preguntas. Evalart soporta diversos tipos de preguntas, como selecci\u00f3n simple o multiple, con im\u00e1genes tanto para la pregunta como para las opciones de respuesta y de texto abierto.<\/p>","protected":false},"excerpt":{"rendered":"<p>Las pruebas de aptitud miden la capacidad que tiene una persona en diversas areas. Con Evalart puede medir la aptitud de una persona en varios aspectos, como aptitud verbal, aptitud num\u00e9rica, capacidad anal\u00edtica, inteligencia (IQ\/CI), atenci\u00f3n a los detalles, interpretaci\u00f3n de datos, entre otros. A diferencia de las pruebas de conocimiento, que se basan m\u00e1s [&hellip;]<\/p>\n","protected":false},"author":5,"featured_media":156,"parent":0,"menu_order":0,"comment_status":"closed","ping_status":"closed","template":"page-templates\/aptitude.php","meta":{"_acf_changed":false,"inline_featured_image":false,"footnotes":""},"class_list":["post-153","page","type-page","status-publish","has-post-thumbnail","hentry"],"acf":[],"yoast_head":"<!-- This site is optimized with the Yoast SEO plugin v27.1.1 - https:\/\/yoast.com\/product\/yoast-seo-wordpress\/ -->\n<title>Pruebas en L\u00ednea de Aptitud: Inteligencia (IQ), Aptitud Verbal y Anal\u00edtica<\/title>\n<meta name=\"description\" content=\"Con las Pruebas de Aptitud de Evalart puede encontrar a los candidatos con la inteligencia, habilidad verbal y capacidad anal\u00edtica que el puesto necesita.\" \/>\n<meta name=\"robots\" content=\"index, follow, max-snippet:-1, max-image-preview:large, max-video-preview:-1\" \/>\n<link rel=\"canonical\" href=\"https:\/\/evalart.com\/es\/aptitude\/\" \/>\n<meta property=\"og:locale\" content=\"es_ES\" \/>\n<meta property=\"og:type\" content=\"article\" \/>\n<meta property=\"og:title\" content=\"Pruebas en L\u00ednea de Aptitud: Inteligencia (IQ), Aptitud Verbal y Anal\u00edtica\" \/>\n<meta property=\"og:description\" content=\"Con las Pruebas de Aptitud de Evalart puede encontrar a los candidatos con la inteligencia, habilidad verbal y capacidad anal\u00edtica que el puesto necesita.\" \/>\n<meta property=\"og:url\" content=\"https:\/\/evalart.com\/es\/aptitude\/\" \/>\n<meta property=\"og:site_name\" content=\"Evalart\" \/>\n<meta property=\"article:modified_time\" content=\"2022-08-10T05:18:49+00:00\" \/>\n<meta property=\"og:image\" content=\"https:\/\/evalart.com\/wp-content\/uploads\/2016\/11\/atd-img.jpg\" \/>\n\t<meta property=\"og:image:width\" content=\"353\" \/>\n\t<meta property=\"og:image:height\" content=\"222\" \/>\n\t<meta property=\"og:image:type\" content=\"image\/jpeg\" \/>\n<meta name=\"twitter:card\" content=\"summary_large_image\" \/>\n<meta name=\"twitter:label1\" content=\"Tiempo de lectura\" \/>\n\t<meta name=\"twitter:data1\" content=\"2 minutos\" \/>\n<script type=\"application\/ld+json\" class=\"yoast-schema-graph\">{\"@context\":\"https:\/\/schema.org\",\"@graph\":[{\"@type\":\"WebPage\",\"@id\":\"https:\/\/evalart.com\/es\/aptitude\/\",\"url\":\"https:\/\/evalart.com\/es\/aptitude\/\",\"name\":\"Pruebas en L\u00ednea de Aptitud: Inteligencia (IQ), Aptitud Verbal y Anal\u00edtica\",\"isPartOf\":{\"@id\":\"https:\/\/evalart.com\/pb\/#website\"},\"primaryImageOfPage\":{\"@id\":\"https:\/\/evalart.com\/es\/aptitude\/#primaryimage\"},\"image\":{\"@id\":\"https:\/\/evalart.com\/es\/aptitude\/#primaryimage\"},\"thumbnailUrl\":\"https:\/\/dev-wp.evalartapp.com\/wp-content\/uploads\/2016\/11\/atd-img.jpg\",\"datePublished\":\"2016-11-28T12:48:49+00:00\",\"dateModified\":\"2022-08-10T05:18:49+00:00\",\"description\":\"Con las Pruebas de Aptitud de Evalart puede encontrar a los candidatos con la inteligencia, habilidad verbal y capacidad anal\u00edtica que el puesto necesita.\",\"breadcrumb\":{\"@id\":\"https:\/\/evalart.com\/es\/aptitude\/#breadcrumb\"},\"inLanguage\":\"es\",\"potentialAction\":[{\"@type\":\"ReadAction\",\"target\":[\"https:\/\/evalart.com\/es\/aptitude\/\"]}]},{\"@type\":\"ImageObject\",\"inLanguage\":\"es\",\"@id\":\"https:\/\/evalart.com\/es\/aptitude\/#primaryimage\",\"url\":\"https:\/\/dev-wp.evalartapp.com\/wp-content\/uploads\/2016\/11\/atd-img.jpg\",\"contentUrl\":\"https:\/\/dev-wp.evalartapp.com\/wp-content\/uploads\/2016\/11\/atd-img.jpg\",\"width\":353,\"height\":222},{\"@type\":\"BreadcrumbList\",\"@id\":\"https:\/\/evalart.com\/es\/aptitude\/#breadcrumb\",\"itemListElement\":[{\"@type\":\"ListItem\",\"position\":1,\"name\":\"Portada\",\"item\":\"https:\/\/evalart.com\/pb\/\"},{\"@type\":\"ListItem\",\"position\":2,\"name\":\"Aptitud\"}]},{\"@type\":\"WebSite\",\"@id\":\"https:\/\/evalart.com\/pb\/#website\",\"url\":\"https:\/\/evalart.com\/pb\/\",\"name\":\"Evalart\",\"description\":\"Skills Assessment Platform for your Recruiting Process\",\"publisher\":{\"@id\":\"https:\/\/evalart.com\/pb\/#organization\"},\"potentialAction\":[{\"@type\":\"SearchAction\",\"target\":{\"@type\":\"EntryPoint\",\"urlTemplate\":\"https:\/\/evalart.com\/pb\/?s={search_term_string}\"},\"query-input\":{\"@type\":\"PropertyValueSpecification\",\"valueRequired\":true,\"valueName\":\"search_term_string\"}}],\"inLanguage\":\"es\"},{\"@type\":\"Organization\",\"@id\":\"https:\/\/evalart.com\/pb\/#organization\",\"name\":\"Evalart\",\"url\":\"https:\/\/evalart.com\/pb\/\",\"logo\":{\"@type\":\"ImageObject\",\"inLanguage\":\"es\",\"@id\":\"https:\/\/evalart.com\/pb\/#\/schema\/logo\/image\/\",\"url\":\"https:\/\/dev-wp.evalartapp.com\/wp-content\/uploads\/2024\/03\/evalart-logo.svg\",\"contentUrl\":\"https:\/\/dev-wp.evalartapp.com\/wp-content\/uploads\/2024\/03\/evalart-logo.svg\",\"caption\":\"Evalart\"},\"image\":{\"@id\":\"https:\/\/evalart.com\/pb\/#\/schema\/logo\/image\/\"}}]}<\/script>\n<!-- \/ Yoast SEO plugin. -->","yoast_head_json":{"title":"Pruebas en L\u00ednea de Aptitud: Inteligencia (IQ), Aptitud Verbal y Anal\u00edtica","description":"Con las Pruebas de Aptitud de Evalart puede encontrar a los candidatos con la inteligencia, habilidad verbal y capacidad anal\u00edtica que el puesto necesita.","robots":{"index":"index","follow":"follow","max-snippet":"max-snippet:-1","max-image-preview":"max-image-preview:large","max-video-preview":"max-video-preview:-1"},"canonical":"https:\/\/evalart.com\/es\/aptitude\/","og_locale":"es_ES","og_type":"article","og_title":"Pruebas en L\u00ednea de Aptitud: Inteligencia (IQ), Aptitud Verbal y Anal\u00edtica","og_description":"Con las Pruebas de Aptitud de Evalart puede encontrar a los candidatos con la inteligencia, habilidad verbal y capacidad anal\u00edtica que el puesto necesita.","og_url":"https:\/\/evalart.com\/es\/aptitude\/","og_site_name":"Evalart","article_modified_time":"2022-08-10T05:18:49+00:00","og_image":[{"width":353,"height":222,"url":"https:\/\/evalart.com\/wp-content\/uploads\/2016\/11\/atd-img.jpg","type":"image\/jpeg"}],"twitter_card":"summary_large_image","twitter_misc":{"Tiempo de lectura":"2 minutos"},"schema":{"@context":"https:\/\/schema.org","@graph":[{"@type":"WebPage","@id":"https:\/\/evalart.com\/es\/aptitude\/","url":"https:\/\/evalart.com\/es\/aptitude\/","name":"Pruebas en L\u00ednea de Aptitud: Inteligencia (IQ), Aptitud Verbal y Anal\u00edtica","isPartOf":{"@id":"https:\/\/evalart.com\/pb\/#website"},"primaryImageOfPage":{"@id":"https:\/\/evalart.com\/es\/aptitude\/#primaryimage"},"image":{"@id":"https:\/\/evalart.com\/es\/aptitude\/#primaryimage"},"thumbnailUrl":"https:\/\/dev-wp.evalartapp.com\/wp-content\/uploads\/2016\/11\/atd-img.jpg","datePublished":"2016-11-28T12:48:49+00:00","dateModified":"2022-08-10T05:18:49+00:00","description":"Con las Pruebas de Aptitud de Evalart puede encontrar a los candidatos con la inteligencia, habilidad verbal y capacidad anal\u00edtica que el puesto necesita.","breadcrumb":{"@id":"https:\/\/evalart.com\/es\/aptitude\/#breadcrumb"},"inLanguage":"es","potentialAction":[{"@type":"ReadAction","target":["https:\/\/evalart.com\/es\/aptitude\/"]}]},{"@type":"ImageObject","inLanguage":"es","@id":"https:\/\/evalart.com\/es\/aptitude\/#primaryimage","url":"https:\/\/dev-wp.evalartapp.com\/wp-content\/uploads\/2016\/11\/atd-img.jpg","contentUrl":"https:\/\/dev-wp.evalartapp.com\/wp-content\/uploads\/2016\/11\/atd-img.jpg","width":353,"height":222},{"@type":"BreadcrumbList","@id":"https:\/\/evalart.com\/es\/aptitude\/#breadcrumb","itemListElement":[{"@type":"ListItem","position":1,"name":"Portada","item":"https:\/\/evalart.com\/pb\/"},{"@type":"ListItem","position":2,"name":"Aptitud"}]},{"@type":"WebSite","@id":"https:\/\/evalart.com\/pb\/#website","url":"https:\/\/evalart.com\/pb\/","name":"Evalart","description":"Skills Assessment Platform for your Recruiting Process","publisher":{"@id":"https:\/\/evalart.com\/pb\/#organization"},"potentialAction":[{"@type":"SearchAction","target":{"@type":"EntryPoint","urlTemplate":"https:\/\/evalart.com\/pb\/?s={search_term_string}"},"query-input":{"@type":"PropertyValueSpecification","valueRequired":true,"valueName":"search_term_string"}}],"inLanguage":"es"},{"@type":"Organization","@id":"https:\/\/evalart.com\/pb\/#organization","name":"Evalart","url":"https:\/\/evalart.com\/pb\/","logo":{"@type":"ImageObject","inLanguage":"es","@id":"https:\/\/evalart.com\/pb\/#\/schema\/logo\/image\/","url":"https:\/\/dev-wp.evalartapp.com\/wp-content\/uploads\/2024\/03\/evalart-logo.svg","contentUrl":"https:\/\/dev-wp.evalartapp.com\/wp-content\/uploads\/2024\/03\/evalart-logo.svg","caption":"Evalart"},"image":{"@id":"https:\/\/evalart.com\/pb\/#\/schema\/logo\/image\/"}}]}},"_links":{"self":[{"href":"https:\/\/dev-wp.evalartapp.com\/es\/wp-json\/wp\/v2\/pages\/153","targetHints":{"allow":["GET"]}}],"collection":[{"href":"https:\/\/dev-wp.evalartapp.com\/es\/wp-json\/wp\/v2\/pages"}],"about":[{"href":"https:\/\/dev-wp.evalartapp.com\/es\/wp-json\/wp\/v2\/types\/page"}],"author":[{"embeddable":true,"href":"https:\/\/dev-wp.evalartapp.com\/es\/wp-json\/wp\/v2\/users\/5"}],"replies":[{"embeddable":true,"href":"https:\/\/dev-wp.evalartapp.com\/es\/wp-json\/wp\/v2\/comments?post=153"}],"version-history":[{"count":11,"href":"https:\/\/dev-wp.evalartapp.com\/es\/wp-json\/wp\/v2\/pages\/153\/revisions"}],"predecessor-version":[{"id":2374,"href":"https:\/\/dev-wp.evalartapp.com\/es\/wp-json\/wp\/v2\/pages\/153\/revisions\/2374"}],"wp:featuredmedia":[{"embeddable":true,"href":"https:\/\/dev-wp.evalartapp.com\/es\/wp-json\/wp\/v2\/media\/156"}],"wp:attachment":[{"href":"https:\/\/dev-wp.evalartapp.com\/es\/wp-json\/wp\/v2\/media?parent=153"}],"curies":[{"name":"wp","href":"https:\/\/api.w.org\/{rel}","templated":true}]}}