{"id":159,"date":"2016-11-28T12:55:04","date_gmt":"2016-11-28T12:55:04","guid":{"rendered":"https:\/\/dev-wp.evalartapp.com\/?page_id=159"},"modified":"2022-08-10T05:26:03","modified_gmt":"2022-08-10T05:26:03","slug":"evalart-knowledge","status":"publish","type":"page","link":"https:\/\/dev-wp.evalartapp.com\/es\/evalart-knowledge\/","title":{"rendered":"Pruebas de Conocimientos en L\u00ednea"},"content":{"rendered":"<p>Las pruebas de conocimiento permiten medir el nivel de conocimiento que tiene el candidato en diversos temas. Evalart contiene una librer\u00eda de preguntas que abarcar areas como tecnolog\u00eda, lenguajes de programaci\u00f3n (Java, Python, .NET, PHP, SQL, etc.), Infraestructura y Metodolog\u00edas (M\u00e9todos \u00c1giles, Arquitectura Empresarial, Gesti\u00f3n de Proyectos, etc)<\/p>\n<p>Evalart tambi\u00e9n permite al usuario crear f\u00e1cilmente nuevas preguntas utilizando el constructor de cuestionarios, de manera que usted pueda evaluar conocimientos muy espec\u00edficos para los perfiles que esta buscando. Las preguntas de conocimiento pueden ser del tipo selecci\u00f3n de alternativas o tambi\u00e9n de texto abierto.<\/p>","protected":false},"excerpt":{"rendered":"<p>Las pruebas de conocimiento permiten medir el nivel de conocimiento que tiene el candidato en diversos temas. Evalart contiene una librer\u00eda de preguntas que abarcar areas como tecnolog\u00eda, lenguajes de programaci\u00f3n (Java, Python, .NET, PHP, SQL, etc.), Infraestructura y Metodolog\u00edas (M\u00e9todos \u00c1giles, Arquitectura Empresarial, Gesti\u00f3n de Proyectos, etc) Evalart tambi\u00e9n permite al usuario crear f\u00e1cilmente [&hellip;]<\/p>\n","protected":false},"author":5,"featured_media":163,"parent":0,"menu_order":0,"comment_status":"closed","ping_status":"closed","template":"page-templates\/evalart-knowledge.php","meta":{"_acf_changed":false,"inline_featured_image":false,"footnotes":""},"class_list":["post-159","page","type-page","status-publish","has-post-thumbnail","hentry"],"acf":[],"yoast_head":"<!-- This site is optimized with the Yoast SEO plugin v27.1.1 - https:\/\/yoast.com\/product\/yoast-seo-wordpress\/ -->\n<title>Pruebas de Conocimientos en L\u00ednea - Evalart<\/title>\n<meta name=\"description\" content=\"Use tests from the extensive assessments library or create new questions using the test builder, so that you can evaluate very specific knowledge for the profiles you are looking for.\" \/>\n<meta name=\"robots\" content=\"index, follow, max-snippet:-1, max-image-preview:large, max-video-preview:-1\" \/>\n<link rel=\"canonical\" href=\"https:\/\/evalart.com\/en\/evalart-knowledge\/\" \/>\n<meta property=\"og:locale\" content=\"es_ES\" \/>\n<meta property=\"og:type\" content=\"article\" \/>\n<meta property=\"og:title\" content=\"[:en]Online Knowledge Tests[:es]Pruebas de Conocimientos en L\u00ednea[:pb]Testes Online de Conhecimento[:] - Evalart\" \/>\n<meta property=\"og:description\" content=\"Use tests from the extensive assessments library or create new questions using the test builder, so that you can evaluate very specific knowledge for the profiles you are looking for.\" \/>\n<meta property=\"og:url\" content=\"https:\/\/evalart.com\/en\/evalart-knowledge\/\" \/>\n<meta property=\"og:site_name\" content=\"Evalart\" \/>\n<meta property=\"article:modified_time\" content=\"2022-08-10T05:26:03+00:00\" \/>\n<meta property=\"og:image\" content=\"https:\/\/evalart.com\/wp-content\/uploads\/2016\/11\/elrt-img.jpg\" \/>\n\t<meta property=\"og:image:width\" content=\"353\" \/>\n\t<meta property=\"og:image:height\" content=\"222\" \/>\n\t<meta property=\"og:image:type\" content=\"image\/jpeg\" \/>\n<meta name=\"twitter:card\" content=\"summary_large_image\" \/>\n<meta name=\"twitter:label1\" content=\"Tiempo de lectura\" \/>\n\t<meta name=\"twitter:data1\" content=\"1 minuto\" \/>\n<script type=\"application\/ld+json\" class=\"yoast-schema-graph\">{\"@context\":\"https:\/\/schema.org\",\"@graph\":[{\"@type\":\"WebPage\",\"@id\":\"https:\/\/evalart.com\/en\/evalart-knowledge\/\",\"url\":\"https:\/\/evalart.com\/en\/evalart-knowledge\/\",\"name\":\"[:en]Online Knowledge Tests[:es]Pruebas de Conocimientos en L\u00ednea[:pb]Testes Online de Conhecimento[:] - Evalart\",\"isPartOf\":{\"@id\":\"https:\/\/evalart.com\/pb\/#website\"},\"primaryImageOfPage\":{\"@id\":\"https:\/\/evalart.com\/en\/evalart-knowledge\/#primaryimage\"},\"image\":{\"@id\":\"https:\/\/evalart.com\/en\/evalart-knowledge\/#primaryimage\"},\"thumbnailUrl\":\"https:\/\/dev-wp.evalartapp.com\/wp-content\/uploads\/2016\/11\/elrt-img.jpg\",\"datePublished\":\"2016-11-28T12:55:04+00:00\",\"dateModified\":\"2022-08-10T05:26:03+00:00\",\"description\":\"Use tests from the extensive assessments library or create new questions using the test builder, so that you can evaluate very specific knowledge for the profiles you are looking for.\",\"breadcrumb\":{\"@id\":\"https:\/\/evalart.com\/en\/evalart-knowledge\/#breadcrumb\"},\"inLanguage\":\"es\",\"potentialAction\":[{\"@type\":\"ReadAction\",\"target\":[\"https:\/\/evalart.com\/en\/evalart-knowledge\/\"]}]},{\"@type\":\"ImageObject\",\"inLanguage\":\"es\",\"@id\":\"https:\/\/evalart.com\/en\/evalart-knowledge\/#primaryimage\",\"url\":\"https:\/\/dev-wp.evalartapp.com\/wp-content\/uploads\/2016\/11\/elrt-img.jpg\",\"contentUrl\":\"https:\/\/dev-wp.evalartapp.com\/wp-content\/uploads\/2016\/11\/elrt-img.jpg\",\"width\":353,\"height\":222},{\"@type\":\"BreadcrumbList\",\"@id\":\"https:\/\/evalart.com\/en\/evalart-knowledge\/#breadcrumb\",\"itemListElement\":[{\"@type\":\"ListItem\",\"position\":1,\"name\":\"Portada\",\"item\":\"https:\/\/evalart.com\/pb\/\"},{\"@type\":\"ListItem\",\"position\":2,\"name\":\"Online Knowledge Tests\"}]},{\"@type\":\"WebSite\",\"@id\":\"https:\/\/evalart.com\/pb\/#website\",\"url\":\"https:\/\/evalart.com\/pb\/\",\"name\":\"Evalart\",\"description\":\"Skills Assessment Platform for your Recruiting Process\",\"publisher\":{\"@id\":\"https:\/\/evalart.com\/pb\/#organization\"},\"potentialAction\":[{\"@type\":\"SearchAction\",\"target\":{\"@type\":\"EntryPoint\",\"urlTemplate\":\"https:\/\/evalart.com\/pb\/?s={search_term_string}\"},\"query-input\":{\"@type\":\"PropertyValueSpecification\",\"valueRequired\":true,\"valueName\":\"search_term_string\"}}],\"inLanguage\":\"es\"},{\"@type\":\"Organization\",\"@id\":\"https:\/\/evalart.com\/pb\/#organization\",\"name\":\"Evalart\",\"url\":\"https:\/\/evalart.com\/pb\/\",\"logo\":{\"@type\":\"ImageObject\",\"inLanguage\":\"es\",\"@id\":\"https:\/\/evalart.com\/pb\/#\/schema\/logo\/image\/\",\"url\":\"https:\/\/dev-wp.evalartapp.com\/wp-content\/uploads\/2024\/03\/evalart-logo.svg\",\"contentUrl\":\"https:\/\/dev-wp.evalartapp.com\/wp-content\/uploads\/2024\/03\/evalart-logo.svg\",\"caption\":\"Evalart\"},\"image\":{\"@id\":\"https:\/\/evalart.com\/pb\/#\/schema\/logo\/image\/\"}}]}<\/script>\n<!-- \/ Yoast SEO plugin. -->","yoast_head_json":{"title":"[:en]Online Knowledge Tests[:es]Pruebas de Conocimientos en L\u00ednea[:pb]Testes Online de Conhecimento[:] - Evalart","description":"Use tests from the extensive assessments library or create new questions using the test builder, so that you can evaluate very specific knowledge for the profiles you are looking for.","robots":{"index":"index","follow":"follow","max-snippet":"max-snippet:-1","max-image-preview":"max-image-preview:large","max-video-preview":"max-video-preview:-1"},"canonical":"https:\/\/evalart.com\/en\/evalart-knowledge\/","og_locale":"es_ES","og_type":"article","og_title":"[:en]Online Knowledge Tests[:es]Pruebas de Conocimientos en L\u00ednea[:pb]Testes Online de Conhecimento[:] - Evalart","og_description":"Use tests from the extensive assessments library or create new questions using the test builder, so that you can evaluate very specific knowledge for the profiles you are looking for.","og_url":"https:\/\/evalart.com\/en\/evalart-knowledge\/","og_site_name":"Evalart","article_modified_time":"2022-08-10T05:26:03+00:00","og_image":[{"width":353,"height":222,"url":"https:\/\/evalart.com\/wp-content\/uploads\/2016\/11\/elrt-img.jpg","type":"image\/jpeg"}],"twitter_card":"summary_large_image","twitter_misc":{"Tiempo de lectura":"1 minuto"},"schema":{"@context":"https:\/\/schema.org","@graph":[{"@type":"WebPage","@id":"https:\/\/evalart.com\/en\/evalart-knowledge\/","url":"https:\/\/evalart.com\/en\/evalart-knowledge\/","name":"[:en]Online Knowledge Tests[:es]Pruebas de Conocimientos en L\u00ednea[:pb]Testes Online de Conhecimento[:] - Evalart","isPartOf":{"@id":"https:\/\/evalart.com\/pb\/#website"},"primaryImageOfPage":{"@id":"https:\/\/evalart.com\/en\/evalart-knowledge\/#primaryimage"},"image":{"@id":"https:\/\/evalart.com\/en\/evalart-knowledge\/#primaryimage"},"thumbnailUrl":"https:\/\/dev-wp.evalartapp.com\/wp-content\/uploads\/2016\/11\/elrt-img.jpg","datePublished":"2016-11-28T12:55:04+00:00","dateModified":"2022-08-10T05:26:03+00:00","description":"Use tests from the extensive assessments library or create new questions using the test builder, so that you can evaluate very specific knowledge for the profiles you are looking for.","breadcrumb":{"@id":"https:\/\/evalart.com\/en\/evalart-knowledge\/#breadcrumb"},"inLanguage":"es","potentialAction":[{"@type":"ReadAction","target":["https:\/\/evalart.com\/en\/evalart-knowledge\/"]}]},{"@type":"ImageObject","inLanguage":"es","@id":"https:\/\/evalart.com\/en\/evalart-knowledge\/#primaryimage","url":"https:\/\/dev-wp.evalartapp.com\/wp-content\/uploads\/2016\/11\/elrt-img.jpg","contentUrl":"https:\/\/dev-wp.evalartapp.com\/wp-content\/uploads\/2016\/11\/elrt-img.jpg","width":353,"height":222},{"@type":"BreadcrumbList","@id":"https:\/\/evalart.com\/en\/evalart-knowledge\/#breadcrumb","itemListElement":[{"@type":"ListItem","position":1,"name":"Portada","item":"https:\/\/evalart.com\/pb\/"},{"@type":"ListItem","position":2,"name":"Online Knowledge Tests"}]},{"@type":"WebSite","@id":"https:\/\/evalart.com\/pb\/#website","url":"https:\/\/evalart.com\/pb\/","name":"Evalart","description":"Skills Assessment Platform for your Recruiting Process","publisher":{"@id":"https:\/\/evalart.com\/pb\/#organization"},"potentialAction":[{"@type":"SearchAction","target":{"@type":"EntryPoint","urlTemplate":"https:\/\/evalart.com\/pb\/?s={search_term_string}"},"query-input":{"@type":"PropertyValueSpecification","valueRequired":true,"valueName":"search_term_string"}}],"inLanguage":"es"},{"@type":"Organization","@id":"https:\/\/evalart.com\/pb\/#organization","name":"Evalart","url":"https:\/\/evalart.com\/pb\/","logo":{"@type":"ImageObject","inLanguage":"es","@id":"https:\/\/evalart.com\/pb\/#\/schema\/logo\/image\/","url":"https:\/\/dev-wp.evalartapp.com\/wp-content\/uploads\/2024\/03\/evalart-logo.svg","contentUrl":"https:\/\/dev-wp.evalartapp.com\/wp-content\/uploads\/2024\/03\/evalart-logo.svg","caption":"Evalart"},"image":{"@id":"https:\/\/evalart.com\/pb\/#\/schema\/logo\/image\/"}}]}},"_links":{"self":[{"href":"https:\/\/dev-wp.evalartapp.com\/es\/wp-json\/wp\/v2\/pages\/159","targetHints":{"allow":["GET"]}}],"collection":[{"href":"https:\/\/dev-wp.evalartapp.com\/es\/wp-json\/wp\/v2\/pages"}],"about":[{"href":"https:\/\/dev-wp.evalartapp.com\/es\/wp-json\/wp\/v2\/types\/page"}],"author":[{"embeddable":true,"href":"https:\/\/dev-wp.evalartapp.com\/es\/wp-json\/wp\/v2\/users\/5"}],"replies":[{"embeddable":true,"href":"https:\/\/dev-wp.evalartapp.com\/es\/wp-json\/wp\/v2\/comments?post=159"}],"version-history":[{"count":12,"href":"https:\/\/dev-wp.evalartapp.com\/es\/wp-json\/wp\/v2\/pages\/159\/revisions"}],"predecessor-version":[{"id":2375,"href":"https:\/\/dev-wp.evalartapp.com\/es\/wp-json\/wp\/v2\/pages\/159\/revisions\/2375"}],"wp:featuredmedia":[{"embeddable":true,"href":"https:\/\/dev-wp.evalartapp.com\/es\/wp-json\/wp\/v2\/media\/163"}],"wp:attachment":[{"href":"https:\/\/dev-wp.evalartapp.com\/es\/wp-json\/wp\/v2\/media?parent=159"}],"curies":[{"name":"wp","href":"https:\/\/api.w.org\/{rel}","templated":true}]}}