{"id":177,"date":"2016-11-28T13:31:33","date_gmt":"2016-11-28T13:31:33","guid":{"rendered":"https:\/\/dev-wp.evalartapp.com\/?page_id=177"},"modified":"2022-08-10T05:06:05","modified_gmt":"2022-08-10T05:06:05","slug":"programming","status":"publish","type":"page","link":"https:\/\/dev-wp.evalartapp.com\/es\/programming\/","title":{"rendered":"Pruebas de Programaci\u00f3n"},"content":{"rendered":"<p>Si busca desarrolladores para llenar alguna posici\u00f3n de programador, es esencial que pueda identificar a los mejores. Las entrevistas t\u00e9cnicas o las pruebas escritas manuales consumen mucho tiempo y limitan la cantidad de desarrolladores que puede evaluar efectivamente. Con las pruebas de programaci\u00f3n del l\u00ednea de Evalart puede r\u00e1pidamente evaluar a una gran cantidad de desarrolladores en lo que es m\u00e1s importante, su habilidad para programar.<\/p>\n<p>Evalart es ideal para evaluar candidatos a puestos de desarrollador ya que permite validar tanto conocimientos como habilidades. Una gran ventaja de Evalart es la capacidad de realizar pruebas en linea donde el candidato debe programar un algoritmo para un problema determinado (utilizando el pseudo-c\u00f3digo TLang de Evalart o un lenguaje como Java, Python, PHP entre otros). Evalart tambi\u00e9n incluye pruebas de SQL donde los candidatos deben escribir consultas SQL para recuperar informaci\u00f3n de acuerdo a ciertas condiciones.<\/p>\n<p>Evalart analiza el c\u00f3digo ingresado y asigna un puntaje en funci\u00f3n de que tan correctos son los resultados, as\u00ed como que tan optimo es el c\u00f3digo (en el caso de pseudo-c\u00f3digo). Esto, combinado con preguntas de razonamiento l\u00f3gico y abstracto, permite predecir con un alto nivel de confianza el futuro desempe\u00f1o del candidato. Con Evalart podr\u00e1 reducir considerablemente el tiempo dedicado a contactar candidatos, evaluarlos, corregir las evaluaciones y registrar los resultados ya que todo el flujo es autom\u00e1tico y requiere solo unos cuantos clicks.<\/p>\n<p>Evalart incluye una gran librer\u00eda de preguntas de programaci\u00f3n, tanto pr\u00e1cticas como te\u00f3ricas y de diversos niveles de dificultad, as\u00ed como pruebas listas para usar, las cuales han sido calibradas y probadas para entregar un gran valor predictivo de desempe\u00f1o futuro. Usted tambi\u00e9n puede crear sus propias preguntas si lo desea, utilizando el constructor de preguntas de Evalart.<\/p>\n<p>Tambi\u00e9n encontrar\u00e1 evaluaciones o preguntas para otros perfiles relacionados, como pruebas para Analistas de QA, Arquitectos de Software o Jefes de Proyecto.<\/p>","protected":false},"excerpt":{"rendered":"<p>Si busca desarrolladores para llenar alguna posici\u00f3n de programador, es esencial que pueda identificar a los mejores. Las entrevistas t\u00e9cnicas o las pruebas escritas manuales consumen mucho tiempo y limitan la cantidad de desarrolladores que puede evaluar efectivamente. Con las pruebas de programaci\u00f3n del l\u00ednea de Evalart puede r\u00e1pidamente evaluar a una gran cantidad de [&hellip;]<\/p>\n","protected":false},"author":5,"featured_media":179,"parent":0,"menu_order":0,"comment_status":"closed","ping_status":"closed","template":"page-templates\/programming.php","meta":{"_acf_changed":false,"inline_featured_image":false,"footnotes":""},"class_list":["post-177","page","type-page","status-publish","has-post-thumbnail","hentry"],"acf":[],"yoast_head":"<!-- This site is optimized with the Yoast SEO plugin v27.1.1 - https:\/\/yoast.com\/product\/yoast-seo-wordpress\/ -->\n<title>Pruebas de Programaci\u00f3n. Mida habilidades en Java, PHP, .NET, SQL y m\u00e1s.<\/title>\n<meta name=\"description\" content=\"Con las Pruebas de Programaci\u00f3n en L\u00ednea de Evalart puede evaluar la capacidad de programaci\u00f3n de los candidatos, quienes deber\u00e1n escribir c\u00f3digo real.\" \/>\n<meta name=\"robots\" content=\"index, follow, max-snippet:-1, max-image-preview:large, max-video-preview:-1\" \/>\n<link rel=\"canonical\" href=\"https:\/\/evalart.com\/es\/programming\/\" \/>\n<meta property=\"og:locale\" content=\"es_ES\" \/>\n<meta property=\"og:type\" content=\"article\" \/>\n<meta property=\"og:title\" content=\"Pruebas de Programaci\u00f3n. Mida habilidades en Java, PHP, .NET, SQL y m\u00e1s.\" \/>\n<meta property=\"og:description\" content=\"Con las Pruebas de Programaci\u00f3n en L\u00ednea de Evalart puede evaluar la capacidad de programaci\u00f3n de los candidatos, quienes deber\u00e1n escribir c\u00f3digo real.\" \/>\n<meta property=\"og:url\" content=\"https:\/\/evalart.com\/es\/programming\/\" \/>\n<meta property=\"og:site_name\" content=\"Evalart\" \/>\n<meta property=\"article:modified_time\" content=\"2022-08-10T05:06:05+00:00\" \/>\n<meta property=\"og:image\" content=\"https:\/\/evalart.com\/wp-content\/uploads\/2016\/11\/pgm-img.jpg\" \/>\n\t<meta property=\"og:image:width\" content=\"353\" \/>\n\t<meta property=\"og:image:height\" content=\"222\" \/>\n\t<meta property=\"og:image:type\" content=\"image\/jpeg\" \/>\n<meta name=\"twitter:card\" content=\"summary_large_image\" \/>\n<meta name=\"twitter:label1\" content=\"Tiempo de lectura\" \/>\n\t<meta name=\"twitter:data1\" content=\"2 minutos\" \/>\n<script type=\"application\/ld+json\" class=\"yoast-schema-graph\">{\"@context\":\"https:\/\/schema.org\",\"@graph\":[{\"@type\":\"WebPage\",\"@id\":\"https:\/\/evalart.com\/es\/programming\/\",\"url\":\"https:\/\/evalart.com\/es\/programming\/\",\"name\":\"Pruebas de Programaci\u00f3n. Mida habilidades en Java, PHP, .NET, SQL y m\u00e1s.\",\"isPartOf\":{\"@id\":\"https:\/\/evalart.com\/pb\/#website\"},\"primaryImageOfPage\":{\"@id\":\"https:\/\/evalart.com\/es\/programming\/#primaryimage\"},\"image\":{\"@id\":\"https:\/\/evalart.com\/es\/programming\/#primaryimage\"},\"thumbnailUrl\":\"https:\/\/dev-wp.evalartapp.com\/wp-content\/uploads\/2016\/11\/pgm-img.jpg\",\"datePublished\":\"2016-11-28T13:31:33+00:00\",\"dateModified\":\"2022-08-10T05:06:05+00:00\",\"description\":\"Con las Pruebas de Programaci\u00f3n en L\u00ednea de Evalart puede evaluar la capacidad de programaci\u00f3n de los candidatos, quienes deber\u00e1n escribir c\u00f3digo real.\",\"breadcrumb\":{\"@id\":\"https:\/\/evalart.com\/es\/programming\/#breadcrumb\"},\"inLanguage\":\"es\",\"potentialAction\":[{\"@type\":\"ReadAction\",\"target\":[\"https:\/\/evalart.com\/es\/programming\/\"]}]},{\"@type\":\"ImageObject\",\"inLanguage\":\"es\",\"@id\":\"https:\/\/evalart.com\/es\/programming\/#primaryimage\",\"url\":\"https:\/\/dev-wp.evalartapp.com\/wp-content\/uploads\/2016\/11\/pgm-img.jpg\",\"contentUrl\":\"https:\/\/dev-wp.evalartapp.com\/wp-content\/uploads\/2016\/11\/pgm-img.jpg\",\"width\":353,\"height\":222},{\"@type\":\"BreadcrumbList\",\"@id\":\"https:\/\/evalart.com\/es\/programming\/#breadcrumb\",\"itemListElement\":[{\"@type\":\"ListItem\",\"position\":1,\"name\":\"Portada\",\"item\":\"https:\/\/evalart.com\/pb\/\"},{\"@type\":\"ListItem\",\"position\":2,\"name\":\"Pruebas de Programaci\u00f3n\"}]},{\"@type\":\"WebSite\",\"@id\":\"https:\/\/evalart.com\/pb\/#website\",\"url\":\"https:\/\/evalart.com\/pb\/\",\"name\":\"Evalart\",\"description\":\"Skills Assessment Platform for your Recruiting Process\",\"publisher\":{\"@id\":\"https:\/\/evalart.com\/pb\/#organization\"},\"potentialAction\":[{\"@type\":\"SearchAction\",\"target\":{\"@type\":\"EntryPoint\",\"urlTemplate\":\"https:\/\/evalart.com\/pb\/?s={search_term_string}\"},\"query-input\":{\"@type\":\"PropertyValueSpecification\",\"valueRequired\":true,\"valueName\":\"search_term_string\"}}],\"inLanguage\":\"es\"},{\"@type\":\"Organization\",\"@id\":\"https:\/\/evalart.com\/pb\/#organization\",\"name\":\"Evalart\",\"url\":\"https:\/\/evalart.com\/pb\/\",\"logo\":{\"@type\":\"ImageObject\",\"inLanguage\":\"es\",\"@id\":\"https:\/\/evalart.com\/pb\/#\/schema\/logo\/image\/\",\"url\":\"https:\/\/dev-wp.evalartapp.com\/wp-content\/uploads\/2024\/03\/evalart-logo.svg\",\"contentUrl\":\"https:\/\/dev-wp.evalartapp.com\/wp-content\/uploads\/2024\/03\/evalart-logo.svg\",\"caption\":\"Evalart\"},\"image\":{\"@id\":\"https:\/\/evalart.com\/pb\/#\/schema\/logo\/image\/\"}}]}<\/script>\n<!-- \/ Yoast SEO plugin. -->","yoast_head_json":{"title":"Pruebas de Programaci\u00f3n. Mida habilidades en Java, PHP, .NET, SQL y m\u00e1s.","description":"Con las Pruebas de Programaci\u00f3n en L\u00ednea de Evalart puede evaluar la capacidad de programaci\u00f3n de los candidatos, quienes deber\u00e1n escribir c\u00f3digo real.","robots":{"index":"index","follow":"follow","max-snippet":"max-snippet:-1","max-image-preview":"max-image-preview:large","max-video-preview":"max-video-preview:-1"},"canonical":"https:\/\/evalart.com\/es\/programming\/","og_locale":"es_ES","og_type":"article","og_title":"Pruebas de Programaci\u00f3n. Mida habilidades en Java, PHP, .NET, SQL y m\u00e1s.","og_description":"Con las Pruebas de Programaci\u00f3n en L\u00ednea de Evalart puede evaluar la capacidad de programaci\u00f3n de los candidatos, quienes deber\u00e1n escribir c\u00f3digo real.","og_url":"https:\/\/evalart.com\/es\/programming\/","og_site_name":"Evalart","article_modified_time":"2022-08-10T05:06:05+00:00","og_image":[{"width":353,"height":222,"url":"https:\/\/evalart.com\/wp-content\/uploads\/2016\/11\/pgm-img.jpg","type":"image\/jpeg"}],"twitter_card":"summary_large_image","twitter_misc":{"Tiempo de lectura":"2 minutos"},"schema":{"@context":"https:\/\/schema.org","@graph":[{"@type":"WebPage","@id":"https:\/\/evalart.com\/es\/programming\/","url":"https:\/\/evalart.com\/es\/programming\/","name":"Pruebas de Programaci\u00f3n. Mida habilidades en Java, PHP, .NET, SQL y m\u00e1s.","isPartOf":{"@id":"https:\/\/evalart.com\/pb\/#website"},"primaryImageOfPage":{"@id":"https:\/\/evalart.com\/es\/programming\/#primaryimage"},"image":{"@id":"https:\/\/evalart.com\/es\/programming\/#primaryimage"},"thumbnailUrl":"https:\/\/dev-wp.evalartapp.com\/wp-content\/uploads\/2016\/11\/pgm-img.jpg","datePublished":"2016-11-28T13:31:33+00:00","dateModified":"2022-08-10T05:06:05+00:00","description":"Con las Pruebas de Programaci\u00f3n en L\u00ednea de Evalart puede evaluar la capacidad de programaci\u00f3n de los candidatos, quienes deber\u00e1n escribir c\u00f3digo real.","breadcrumb":{"@id":"https:\/\/evalart.com\/es\/programming\/#breadcrumb"},"inLanguage":"es","potentialAction":[{"@type":"ReadAction","target":["https:\/\/evalart.com\/es\/programming\/"]}]},{"@type":"ImageObject","inLanguage":"es","@id":"https:\/\/evalart.com\/es\/programming\/#primaryimage","url":"https:\/\/dev-wp.evalartapp.com\/wp-content\/uploads\/2016\/11\/pgm-img.jpg","contentUrl":"https:\/\/dev-wp.evalartapp.com\/wp-content\/uploads\/2016\/11\/pgm-img.jpg","width":353,"height":222},{"@type":"BreadcrumbList","@id":"https:\/\/evalart.com\/es\/programming\/#breadcrumb","itemListElement":[{"@type":"ListItem","position":1,"name":"Portada","item":"https:\/\/evalart.com\/pb\/"},{"@type":"ListItem","position":2,"name":"Pruebas de Programaci\u00f3n"}]},{"@type":"WebSite","@id":"https:\/\/evalart.com\/pb\/#website","url":"https:\/\/evalart.com\/pb\/","name":"Evalart","description":"Skills Assessment Platform for your Recruiting Process","publisher":{"@id":"https:\/\/evalart.com\/pb\/#organization"},"potentialAction":[{"@type":"SearchAction","target":{"@type":"EntryPoint","urlTemplate":"https:\/\/evalart.com\/pb\/?s={search_term_string}"},"query-input":{"@type":"PropertyValueSpecification","valueRequired":true,"valueName":"search_term_string"}}],"inLanguage":"es"},{"@type":"Organization","@id":"https:\/\/evalart.com\/pb\/#organization","name":"Evalart","url":"https:\/\/evalart.com\/pb\/","logo":{"@type":"ImageObject","inLanguage":"es","@id":"https:\/\/evalart.com\/pb\/#\/schema\/logo\/image\/","url":"https:\/\/dev-wp.evalartapp.com\/wp-content\/uploads\/2024\/03\/evalart-logo.svg","contentUrl":"https:\/\/dev-wp.evalartapp.com\/wp-content\/uploads\/2024\/03\/evalart-logo.svg","caption":"Evalart"},"image":{"@id":"https:\/\/evalart.com\/pb\/#\/schema\/logo\/image\/"}}]}},"_links":{"self":[{"href":"https:\/\/dev-wp.evalartapp.com\/es\/wp-json\/wp\/v2\/pages\/177","targetHints":{"allow":["GET"]}}],"collection":[{"href":"https:\/\/dev-wp.evalartapp.com\/es\/wp-json\/wp\/v2\/pages"}],"about":[{"href":"https:\/\/dev-wp.evalartapp.com\/es\/wp-json\/wp\/v2\/types\/page"}],"author":[{"embeddable":true,"href":"https:\/\/dev-wp.evalartapp.com\/es\/wp-json\/wp\/v2\/users\/5"}],"replies":[{"embeddable":true,"href":"https:\/\/dev-wp.evalartapp.com\/es\/wp-json\/wp\/v2\/comments?post=177"}],"version-history":[{"count":14,"href":"https:\/\/dev-wp.evalartapp.com\/es\/wp-json\/wp\/v2\/pages\/177\/revisions"}],"predecessor-version":[{"id":2373,"href":"https:\/\/dev-wp.evalartapp.com\/es\/wp-json\/wp\/v2\/pages\/177\/revisions\/2373"}],"wp:featuredmedia":[{"embeddable":true,"href":"https:\/\/dev-wp.evalartapp.com\/es\/wp-json\/wp\/v2\/media\/179"}],"wp:attachment":[{"href":"https:\/\/dev-wp.evalartapp.com\/es\/wp-json\/wp\/v2\/media?parent=177"}],"curies":[{"name":"wp","href":"https:\/\/api.w.org\/{rel}","templated":true}]}}