{"id":20,"date":"2016-11-25T07:01:53","date_gmt":"2016-11-25T07:01:53","guid":{"rendered":"https:\/\/dev-wp.evalartapp.com\/?page_id=20"},"modified":"2025-07-10T12:14:42","modified_gmt":"2025-07-10T12:14:42","slug":"free-trial","status":"publish","type":"page","link":"https:\/\/dev-wp.evalartapp.com\/es\/free-trial\/","title":{"rendered":"Pruebe Evalart Gratis"},"content":{"rendered":"<p><\/p>\n<ul>\n<li><strong>Transforma tu proceso de selecci\u00f3n.<\/strong> Accede a la herramienta que optimiza tu selecci\u00f3n.<\/li>\n<li><strong>F\u00e1cil e intuitiva.<\/strong> Comienza a evaluar en minutos.<\/li>\n<li><strong>Todo en un solo lugar.<\/strong> Pruebas completas para medir habilidades clave.<\/li>\n<li><strong>Soporte inmediato.<\/strong> Ayuda disponible cuando la necesites.<\/li>\n<li><strong>Acceso instant\u00e1neo y seguro.<\/strong> Reg\u00edstrate y empieza al momento.<\/li>\n<\/ul>\n<p><\/p>","protected":false},"excerpt":{"rendered":"<p>Transforma tu proceso de selecci\u00f3n. Accede a la herramienta que optimiza tu selecci\u00f3n. F\u00e1cil e intuitiva. Comienza a evaluar en minutos. Todo en un solo lugar. Pruebas completas para medir habilidades clave. Soporte inmediato. Ayuda disponible cuando la necesites. Acceso instant\u00e1neo y seguro. Reg\u00edstrate y empieza al momento.<\/p>\n","protected":false},"author":5,"featured_media":3335,"parent":0,"menu_order":0,"comment_status":"closed","ping_status":"closed","template":"page-templates\/page-free-trial.php","meta":{"_acf_changed":false,"inline_featured_image":false,"footnotes":""},"class_list":["post-20","page","type-page","status-publish","has-post-thumbnail","hentry"],"acf":[],"yoast_head":"<!-- This site is optimized with the Yoast SEO plugin v27.1.1 - https:\/\/yoast.com\/product\/yoast-seo-wordpress\/ -->\n<title>Pruebe Evalart Gratis - Evalart<\/title>\n<meta name=\"robots\" content=\"index, follow, max-snippet:-1, max-image-preview:large, max-video-preview:-1\" \/>\n<link rel=\"canonical\" href=\"https:\/\/evalart.com\/es\/free-trial\/\" \/>\n<meta property=\"og:locale\" content=\"es_ES\" \/>\n<meta property=\"og:type\" content=\"article\" \/>\n<meta property=\"og:title\" content=\"[:en]Start Your Free Trial[:es]Pruebe Evalart Gratis[:pb]Inicie o seu teste gratuito[:] - Evalart\" \/>\n<meta property=\"og:description\" content=\"Transforma tu proceso de selecci\u00f3n. Accede a la herramienta que optimiza tu selecci\u00f3n. F\u00e1cil e intuitiva. Comienza a evaluar en minutos. Todo en un solo lugar. Pruebas completas para medir habilidades clave. Soporte inmediato. Ayuda disponible cuando la necesites. Acceso instant\u00e1neo y seguro. Reg\u00edstrate y empieza al momento.\" \/>\n<meta property=\"og:url\" content=\"https:\/\/evalart.com\/es\/free-trial\/\" \/>\n<meta property=\"og:site_name\" content=\"Evalart\" \/>\n<meta property=\"article:modified_time\" content=\"2025-07-10T12:14:42+00:00\" \/>\n<meta property=\"og:image\" content=\"https:\/\/evalart.com\/wp-content\/uploads\/2024\/03\/request-a-quote.webp\" \/>\n\t<meta property=\"og:image:width\" content=\"511\" \/>\n\t<meta property=\"og:image:height\" content=\"502\" \/>\n\t<meta property=\"og:image:type\" content=\"image\/webp\" \/>\n<meta name=\"twitter:card\" content=\"summary_large_image\" \/>\n<meta name=\"twitter:label1\" content=\"Tiempo de lectura\" \/>\n\t<meta name=\"twitter:data1\" content=\"1 minuto\" \/>\n<script type=\"application\/ld+json\" class=\"yoast-schema-graph\">{\"@context\":\"https:\/\/schema.org\",\"@graph\":[{\"@type\":\"WebPage\",\"@id\":\"https:\/\/evalart.com\/es\/free-trial\/\",\"url\":\"https:\/\/evalart.com\/es\/free-trial\/\",\"name\":\"[:en]Start Your Free Trial[:es]Pruebe Evalart Gratis[:pb]Inicie o seu teste gratuito[:] - Evalart\",\"isPartOf\":{\"@id\":\"https:\/\/evalart.com\/pb\/#website\"},\"primaryImageOfPage\":{\"@id\":\"https:\/\/evalart.com\/es\/free-trial\/#primaryimage\"},\"image\":{\"@id\":\"https:\/\/evalart.com\/es\/free-trial\/#primaryimage\"},\"thumbnailUrl\":\"https:\/\/dev-wp.evalartapp.com\/wp-content\/uploads\/2024\/03\/request-a-quote.webp\",\"datePublished\":\"2016-11-25T07:01:53+00:00\",\"dateModified\":\"2025-07-10T12:14:42+00:00\",\"breadcrumb\":{\"@id\":\"https:\/\/evalart.com\/es\/free-trial\/#breadcrumb\"},\"inLanguage\":\"es\",\"potentialAction\":[{\"@type\":\"ReadAction\",\"target\":[\"https:\/\/evalart.com\/es\/free-trial\/\"]}]},{\"@type\":\"ImageObject\",\"inLanguage\":\"es\",\"@id\":\"https:\/\/evalart.com\/es\/free-trial\/#primaryimage\",\"url\":\"https:\/\/dev-wp.evalartapp.com\/wp-content\/uploads\/2024\/03\/request-a-quote.webp\",\"contentUrl\":\"https:\/\/dev-wp.evalartapp.com\/wp-content\/uploads\/2024\/03\/request-a-quote.webp\",\"width\":511,\"height\":502},{\"@type\":\"BreadcrumbList\",\"@id\":\"https:\/\/evalart.com\/es\/free-trial\/#breadcrumb\",\"itemListElement\":[{\"@type\":\"ListItem\",\"position\":1,\"name\":\"Portada\",\"item\":\"https:\/\/evalart.com\/pb\/\"},{\"@type\":\"ListItem\",\"position\":2,\"name\":\"Pruebe Evalart Gratis\"}]},{\"@type\":\"WebSite\",\"@id\":\"https:\/\/evalart.com\/pb\/#website\",\"url\":\"https:\/\/evalart.com\/pb\/\",\"name\":\"Evalart\",\"description\":\"Skills Assessment Platform for your Recruiting Process\",\"publisher\":{\"@id\":\"https:\/\/evalart.com\/pb\/#organization\"},\"potentialAction\":[{\"@type\":\"SearchAction\",\"target\":{\"@type\":\"EntryPoint\",\"urlTemplate\":\"https:\/\/evalart.com\/pb\/?s={search_term_string}\"},\"query-input\":{\"@type\":\"PropertyValueSpecification\",\"valueRequired\":true,\"valueName\":\"search_term_string\"}}],\"inLanguage\":\"es\"},{\"@type\":\"Organization\",\"@id\":\"https:\/\/evalart.com\/pb\/#organization\",\"name\":\"Evalart\",\"url\":\"https:\/\/evalart.com\/pb\/\",\"logo\":{\"@type\":\"ImageObject\",\"inLanguage\":\"es\",\"@id\":\"https:\/\/evalart.com\/pb\/#\/schema\/logo\/image\/\",\"url\":\"https:\/\/dev-wp.evalartapp.com\/wp-content\/uploads\/2024\/03\/evalart-logo.svg\",\"contentUrl\":\"https:\/\/dev-wp.evalartapp.com\/wp-content\/uploads\/2024\/03\/evalart-logo.svg\",\"caption\":\"Evalart\"},\"image\":{\"@id\":\"https:\/\/evalart.com\/pb\/#\/schema\/logo\/image\/\"}}]}<\/script>\n<!-- \/ Yoast SEO plugin. -->","yoast_head_json":{"title":"[:en]Start Your Free Trial[:es]Pruebe Evalart Gratis[:pb]Inicie o seu teste gratuito[:] - Evalart","robots":{"index":"index","follow":"follow","max-snippet":"max-snippet:-1","max-image-preview":"max-image-preview:large","max-video-preview":"max-video-preview:-1"},"canonical":"https:\/\/evalart.com\/es\/free-trial\/","og_locale":"es_ES","og_type":"article","og_title":"[:en]Start Your Free Trial[:es]Pruebe Evalart Gratis[:pb]Inicie o seu teste gratuito[:] - Evalart","og_description":"Transforma tu proceso de selecci\u00f3n. Accede a la herramienta que optimiza tu selecci\u00f3n. F\u00e1cil e intuitiva. Comienza a evaluar en minutos. Todo en un solo lugar. Pruebas completas para medir habilidades clave. Soporte inmediato. Ayuda disponible cuando la necesites. Acceso instant\u00e1neo y seguro. Reg\u00edstrate y empieza al momento.","og_url":"https:\/\/evalart.com\/es\/free-trial\/","og_site_name":"Evalart","article_modified_time":"2025-07-10T12:14:42+00:00","og_image":[{"width":511,"height":502,"url":"https:\/\/evalart.com\/wp-content\/uploads\/2024\/03\/request-a-quote.webp","type":"image\/webp"}],"twitter_card":"summary_large_image","twitter_misc":{"Tiempo de lectura":"1 minuto"},"schema":{"@context":"https:\/\/schema.org","@graph":[{"@type":"WebPage","@id":"https:\/\/evalart.com\/es\/free-trial\/","url":"https:\/\/evalart.com\/es\/free-trial\/","name":"[:en]Start Your Free Trial[:es]Pruebe Evalart Gratis[:pb]Inicie o seu teste gratuito[:] - Evalart","isPartOf":{"@id":"https:\/\/evalart.com\/pb\/#website"},"primaryImageOfPage":{"@id":"https:\/\/evalart.com\/es\/free-trial\/#primaryimage"},"image":{"@id":"https:\/\/evalart.com\/es\/free-trial\/#primaryimage"},"thumbnailUrl":"https:\/\/dev-wp.evalartapp.com\/wp-content\/uploads\/2024\/03\/request-a-quote.webp","datePublished":"2016-11-25T07:01:53+00:00","dateModified":"2025-07-10T12:14:42+00:00","breadcrumb":{"@id":"https:\/\/evalart.com\/es\/free-trial\/#breadcrumb"},"inLanguage":"es","potentialAction":[{"@type":"ReadAction","target":["https:\/\/evalart.com\/es\/free-trial\/"]}]},{"@type":"ImageObject","inLanguage":"es","@id":"https:\/\/evalart.com\/es\/free-trial\/#primaryimage","url":"https:\/\/dev-wp.evalartapp.com\/wp-content\/uploads\/2024\/03\/request-a-quote.webp","contentUrl":"https:\/\/dev-wp.evalartapp.com\/wp-content\/uploads\/2024\/03\/request-a-quote.webp","width":511,"height":502},{"@type":"BreadcrumbList","@id":"https:\/\/evalart.com\/es\/free-trial\/#breadcrumb","itemListElement":[{"@type":"ListItem","position":1,"name":"Portada","item":"https:\/\/evalart.com\/pb\/"},{"@type":"ListItem","position":2,"name":"Pruebe Evalart Gratis"}]},{"@type":"WebSite","@id":"https:\/\/evalart.com\/pb\/#website","url":"https:\/\/evalart.com\/pb\/","name":"Evalart","description":"Skills Assessment Platform for your Recruiting Process","publisher":{"@id":"https:\/\/evalart.com\/pb\/#organization"},"potentialAction":[{"@type":"SearchAction","target":{"@type":"EntryPoint","urlTemplate":"https:\/\/evalart.com\/pb\/?s={search_term_string}"},"query-input":{"@type":"PropertyValueSpecification","valueRequired":true,"valueName":"search_term_string"}}],"inLanguage":"es"},{"@type":"Organization","@id":"https:\/\/evalart.com\/pb\/#organization","name":"Evalart","url":"https:\/\/evalart.com\/pb\/","logo":{"@type":"ImageObject","inLanguage":"es","@id":"https:\/\/evalart.com\/pb\/#\/schema\/logo\/image\/","url":"https:\/\/dev-wp.evalartapp.com\/wp-content\/uploads\/2024\/03\/evalart-logo.svg","contentUrl":"https:\/\/dev-wp.evalartapp.com\/wp-content\/uploads\/2024\/03\/evalart-logo.svg","caption":"Evalart"},"image":{"@id":"https:\/\/evalart.com\/pb\/#\/schema\/logo\/image\/"}}]}},"_links":{"self":[{"href":"https:\/\/dev-wp.evalartapp.com\/es\/wp-json\/wp\/v2\/pages\/20","targetHints":{"allow":["GET"]}}],"collection":[{"href":"https:\/\/dev-wp.evalartapp.com\/es\/wp-json\/wp\/v2\/pages"}],"about":[{"href":"https:\/\/dev-wp.evalartapp.com\/es\/wp-json\/wp\/v2\/types\/page"}],"author":[{"embeddable":true,"href":"https:\/\/dev-wp.evalartapp.com\/es\/wp-json\/wp\/v2\/users\/5"}],"replies":[{"embeddable":true,"href":"https:\/\/dev-wp.evalartapp.com\/es\/wp-json\/wp\/v2\/comments?post=20"}],"version-history":[{"count":30,"href":"https:\/\/dev-wp.evalartapp.com\/es\/wp-json\/wp\/v2\/pages\/20\/revisions"}],"predecessor-version":[{"id":4203,"href":"https:\/\/dev-wp.evalartapp.com\/es\/wp-json\/wp\/v2\/pages\/20\/revisions\/4203"}],"wp:featuredmedia":[{"embeddable":true,"href":"https:\/\/dev-wp.evalartapp.com\/es\/wp-json\/wp\/v2\/media\/3335"}],"wp:attachment":[{"href":"https:\/\/dev-wp.evalartapp.com\/es\/wp-json\/wp\/v2\/media?parent=20"}],"curies":[{"name":"wp","href":"https:\/\/api.w.org\/{rel}","templated":true}]}}