{"id":177,"date":"2016-11-28T13:31:33","date_gmt":"2016-11-28T13:31:33","guid":{"rendered":"https:\/\/dev-wp.evalartapp.com\/?page_id=177"},"modified":"2022-08-10T05:06:05","modified_gmt":"2022-08-10T05:06:05","slug":"programming","status":"publish","type":"page","link":"https:\/\/dev-wp.evalartapp.com\/pb\/programming\/","title":{"rendered":"Testes de Programa\u00e7\u00e3o"},"content":{"rendered":"<p>Se voc\u00ea est\u00e1 em busca de desenvolvedores para assumir uma fun\u00e7\u00e3o de programador, \u00e9 essencial que voc\u00ea consiga identificar os melhores!<\/p>\n<p>Entrevistas t\u00e9cnicas ou testes realizados manualmente s\u00e3o demorados e limitam o n\u00famero de desenvolvedores que voc\u00ea consegue avaliar efetivamente.<\/p>\n<p>Com os Testes de Programa\u00e7\u00e3o Online da Evalart, voc\u00ea pode avaliar rapidamente um grande n\u00famero de desenvolvedores no que \u00e9 mais importante: a habilidade que eles possuem de programar!<\/p>\n<p>A Evalart \u00e9 ideal para o processo seletivo de candidatos para cargos de desenvolvedor, pois \u00e9 capaz de avaliar simultaneamente o conhecimento e as habilidades. Uma grande vantagem da Evalart \u00e9 a habilidade de conduzir testes nos quais o candidato dever\u00e1 programar um algoritmo para um problema espec\u00edfico (usando o pseudoc\u00f3digo TLang da Evalart, ou uma linguagem como Java, Phyton, PHP, entre outros). A Evalart tamb\u00e9m inclui testes de SQL, nos quais os candidatos devem escrever consultas SQL que precisam devolver informa\u00e7\u00e3o com base em determinadas condi\u00e7\u00f5es.<\/p>\n<p>A Evalart analisa o c\u00f3digo inserido e atribui uma pontua\u00e7\u00e3o baseada na corre\u00e7\u00e3o dos resultados, bem como na otimiza\u00e7\u00e3o do c\u00f3digo (no caso do pseudoc\u00f3digo). Isso, combinado com quest\u00f5es de racioc\u00ednio l\u00f3gico e abstrato, possibilita que a performance do candidato seja prevista com alto n\u00edvel precis\u00e3o. Com a Evalart, voc\u00ea vai reduzir consideravelmente o tempo gasto entrando em contato com os candidatos, os avaliando, corrigindo as avalia\u00e7\u00f5es e registrando os resultados, pois todo o processo \u00e9 automatizado e realizado em apenas alguns cliques.<\/p>\n<p>A Evalart inclui uma variada biblioteca de quest\u00f5es de programa\u00e7\u00e3o, tanto pr\u00e1ticas como te\u00f3ricas, al\u00e9m de contemplar v\u00e1rios n\u00edveis de dificuldade, contando com testes pr\u00e9 definidos, que foram calibrados e validados para fornecer uma previs\u00e3o precisa de desempenho dos candidatos. Voc\u00ea tamb\u00e9m tem liberdade para criar suas pr\u00f3prias perguntas, se desejar, utilizando o construtor de perguntas da Evalart.<\/p>\n<p>\u00c9 poss\u00edvel encontrar avalia\u00e7\u00f5es e testes para outros perfis relacionados, como analistas de controle de qualidade, arquitetos de software ou gerentes de projeto, por exemplo.<\/p>","protected":false},"excerpt":{"rendered":"<p>Se voc\u00ea est\u00e1 em busca de desenvolvedores para assumir uma fun\u00e7\u00e3o de programador, \u00e9 essencial que voc\u00ea consiga identificar os melhores! Entrevistas t\u00e9cnicas ou testes realizados manualmente s\u00e3o demorados e limitam o n\u00famero de desenvolvedores que voc\u00ea consegue avaliar efetivamente. Com os Testes de Programa\u00e7\u00e3o Online da Evalart, voc\u00ea pode avaliar rapidamente um grande n\u00famero [&hellip;]<\/p>\n","protected":false},"author":5,"featured_media":179,"parent":0,"menu_order":0,"comment_status":"closed","ping_status":"closed","template":"page-templates\/programming.php","meta":{"_acf_changed":false,"inline_featured_image":false,"footnotes":""},"class_list":["post-177","page","type-page","status-publish","has-post-thumbnail","hentry"],"acf":[],"yoast_head":"<!-- This site is optimized with the Yoast SEO plugin v27.1.1 - https:\/\/yoast.com\/product\/yoast-seo-wordpress\/ -->\n<title>Pruebas de Programaci\u00f3n. Mida habilidades en Java, PHP, .NET, SQL y m\u00e1s.<\/title>\n<meta name=\"description\" content=\"Con las Pruebas de Programaci\u00f3n en L\u00ednea de Evalart puede evaluar la capacidad de programaci\u00f3n de los candidatos, quienes deber\u00e1n escribir c\u00f3digo real.\" \/>\n<meta name=\"robots\" content=\"index, follow, max-snippet:-1, max-image-preview:large, max-video-preview:-1\" \/>\n<link rel=\"canonical\" href=\"https:\/\/evalart.com\/es\/programming\/\" \/>\n<meta property=\"og:locale\" content=\"pt_BR\" \/>\n<meta property=\"og:type\" content=\"article\" \/>\n<meta property=\"og:title\" content=\"Pruebas de Programaci\u00f3n. Mida habilidades en Java, PHP, .NET, SQL y m\u00e1s.\" \/>\n<meta property=\"og:description\" content=\"Con las Pruebas de Programaci\u00f3n en L\u00ednea de Evalart puede evaluar la capacidad de programaci\u00f3n de los candidatos, quienes deber\u00e1n escribir c\u00f3digo real.\" \/>\n<meta property=\"og:url\" content=\"https:\/\/evalart.com\/es\/programming\/\" \/>\n<meta property=\"og:site_name\" content=\"Evalart\" \/>\n<meta property=\"article:modified_time\" content=\"2022-08-10T05:06:05+00:00\" \/>\n<meta property=\"og:image\" content=\"https:\/\/evalart.com\/wp-content\/uploads\/2016\/11\/pgm-img.jpg\" \/>\n\t<meta property=\"og:image:width\" content=\"353\" \/>\n\t<meta property=\"og:image:height\" content=\"222\" \/>\n\t<meta property=\"og:image:type\" content=\"image\/jpeg\" \/>\n<meta name=\"twitter:card\" content=\"summary_large_image\" \/>\n<meta name=\"twitter:label1\" content=\"Est. tempo de leitura\" \/>\n\t<meta name=\"twitter:data1\" content=\"2 minutos\" \/>\n<script type=\"application\/ld+json\" class=\"yoast-schema-graph\">{\"@context\":\"https:\/\/schema.org\",\"@graph\":[{\"@type\":\"WebPage\",\"@id\":\"https:\/\/evalart.com\/es\/programming\/\",\"url\":\"https:\/\/evalart.com\/es\/programming\/\",\"name\":\"Pruebas de Programaci\u00f3n. Mida habilidades en Java, PHP, .NET, SQL y m\u00e1s.\",\"isPartOf\":{\"@id\":\"https:\/\/evalart.com\/pb\/#website\"},\"primaryImageOfPage\":{\"@id\":\"https:\/\/evalart.com\/es\/programming\/#primaryimage\"},\"image\":{\"@id\":\"https:\/\/evalart.com\/es\/programming\/#primaryimage\"},\"thumbnailUrl\":\"https:\/\/dev-wp.evalartapp.com\/wp-content\/uploads\/2016\/11\/pgm-img.jpg\",\"datePublished\":\"2016-11-28T13:31:33+00:00\",\"dateModified\":\"2022-08-10T05:06:05+00:00\",\"description\":\"Con las Pruebas de Programaci\u00f3n en L\u00ednea de Evalart puede evaluar la capacidad de programaci\u00f3n de los candidatos, quienes deber\u00e1n escribir c\u00f3digo real.\",\"breadcrumb\":{\"@id\":\"https:\/\/evalart.com\/es\/programming\/#breadcrumb\"},\"inLanguage\":\"pt-BR\",\"potentialAction\":[{\"@type\":\"ReadAction\",\"target\":[\"https:\/\/evalart.com\/es\/programming\/\"]}]},{\"@type\":\"ImageObject\",\"inLanguage\":\"pt-BR\",\"@id\":\"https:\/\/evalart.com\/es\/programming\/#primaryimage\",\"url\":\"https:\/\/dev-wp.evalartapp.com\/wp-content\/uploads\/2016\/11\/pgm-img.jpg\",\"contentUrl\":\"https:\/\/dev-wp.evalartapp.com\/wp-content\/uploads\/2016\/11\/pgm-img.jpg\",\"width\":353,\"height\":222},{\"@type\":\"BreadcrumbList\",\"@id\":\"https:\/\/evalart.com\/es\/programming\/#breadcrumb\",\"itemListElement\":[{\"@type\":\"ListItem\",\"position\":1,\"name\":\"Portada\",\"item\":\"https:\/\/evalart.com\/pb\/\"},{\"@type\":\"ListItem\",\"position\":2,\"name\":\"Pruebas de Programaci\u00f3n\"}]},{\"@type\":\"WebSite\",\"@id\":\"https:\/\/evalart.com\/pb\/#website\",\"url\":\"https:\/\/evalart.com\/pb\/\",\"name\":\"Evalart\",\"description\":\"Skills Assessment Platform for your Recruiting Process\",\"publisher\":{\"@id\":\"https:\/\/evalart.com\/pb\/#organization\"},\"potentialAction\":[{\"@type\":\"SearchAction\",\"target\":{\"@type\":\"EntryPoint\",\"urlTemplate\":\"https:\/\/evalart.com\/pb\/?s={search_term_string}\"},\"query-input\":{\"@type\":\"PropertyValueSpecification\",\"valueRequired\":true,\"valueName\":\"search_term_string\"}}],\"inLanguage\":\"pt-BR\"},{\"@type\":\"Organization\",\"@id\":\"https:\/\/evalart.com\/pb\/#organization\",\"name\":\"Evalart\",\"url\":\"https:\/\/evalart.com\/pb\/\",\"logo\":{\"@type\":\"ImageObject\",\"inLanguage\":\"pt-BR\",\"@id\":\"https:\/\/evalart.com\/pb\/#\/schema\/logo\/image\/\",\"url\":\"https:\/\/dev-wp.evalartapp.com\/wp-content\/uploads\/2024\/03\/evalart-logo.svg\",\"contentUrl\":\"https:\/\/dev-wp.evalartapp.com\/wp-content\/uploads\/2024\/03\/evalart-logo.svg\",\"caption\":\"Evalart\"},\"image\":{\"@id\":\"https:\/\/evalart.com\/pb\/#\/schema\/logo\/image\/\"}}]}<\/script>\n<!-- \/ Yoast SEO plugin. -->","yoast_head_json":{"title":"Pruebas de Programaci\u00f3n. Mida habilidades en Java, PHP, .NET, SQL y m\u00e1s.","description":"Con las Pruebas de Programaci\u00f3n en L\u00ednea de Evalart puede evaluar la capacidad de programaci\u00f3n de los candidatos, quienes deber\u00e1n escribir c\u00f3digo real.","robots":{"index":"index","follow":"follow","max-snippet":"max-snippet:-1","max-image-preview":"max-image-preview:large","max-video-preview":"max-video-preview:-1"},"canonical":"https:\/\/evalart.com\/es\/programming\/","og_locale":"pt_BR","og_type":"article","og_title":"Pruebas de Programaci\u00f3n. Mida habilidades en Java, PHP, .NET, SQL y m\u00e1s.","og_description":"Con las Pruebas de Programaci\u00f3n en L\u00ednea de Evalart puede evaluar la capacidad de programaci\u00f3n de los candidatos, quienes deber\u00e1n escribir c\u00f3digo real.","og_url":"https:\/\/evalart.com\/es\/programming\/","og_site_name":"Evalart","article_modified_time":"2022-08-10T05:06:05+00:00","og_image":[{"width":353,"height":222,"url":"https:\/\/evalart.com\/wp-content\/uploads\/2016\/11\/pgm-img.jpg","type":"image\/jpeg"}],"twitter_card":"summary_large_image","twitter_misc":{"Est. tempo de leitura":"2 minutos"},"schema":{"@context":"https:\/\/schema.org","@graph":[{"@type":"WebPage","@id":"https:\/\/evalart.com\/es\/programming\/","url":"https:\/\/evalart.com\/es\/programming\/","name":"Pruebas de Programaci\u00f3n. Mida habilidades en Java, PHP, .NET, SQL y m\u00e1s.","isPartOf":{"@id":"https:\/\/evalart.com\/pb\/#website"},"primaryImageOfPage":{"@id":"https:\/\/evalart.com\/es\/programming\/#primaryimage"},"image":{"@id":"https:\/\/evalart.com\/es\/programming\/#primaryimage"},"thumbnailUrl":"https:\/\/dev-wp.evalartapp.com\/wp-content\/uploads\/2016\/11\/pgm-img.jpg","datePublished":"2016-11-28T13:31:33+00:00","dateModified":"2022-08-10T05:06:05+00:00","description":"Con las Pruebas de Programaci\u00f3n en L\u00ednea de Evalart puede evaluar la capacidad de programaci\u00f3n de los candidatos, quienes deber\u00e1n escribir c\u00f3digo real.","breadcrumb":{"@id":"https:\/\/evalart.com\/es\/programming\/#breadcrumb"},"inLanguage":"pt-BR","potentialAction":[{"@type":"ReadAction","target":["https:\/\/evalart.com\/es\/programming\/"]}]},{"@type":"ImageObject","inLanguage":"pt-BR","@id":"https:\/\/evalart.com\/es\/programming\/#primaryimage","url":"https:\/\/dev-wp.evalartapp.com\/wp-content\/uploads\/2016\/11\/pgm-img.jpg","contentUrl":"https:\/\/dev-wp.evalartapp.com\/wp-content\/uploads\/2016\/11\/pgm-img.jpg","width":353,"height":222},{"@type":"BreadcrumbList","@id":"https:\/\/evalart.com\/es\/programming\/#breadcrumb","itemListElement":[{"@type":"ListItem","position":1,"name":"Portada","item":"https:\/\/evalart.com\/pb\/"},{"@type":"ListItem","position":2,"name":"Pruebas de Programaci\u00f3n"}]},{"@type":"WebSite","@id":"https:\/\/evalart.com\/pb\/#website","url":"https:\/\/evalart.com\/pb\/","name":"Evalart","description":"Skills Assessment Platform for your Recruiting Process","publisher":{"@id":"https:\/\/evalart.com\/pb\/#organization"},"potentialAction":[{"@type":"SearchAction","target":{"@type":"EntryPoint","urlTemplate":"https:\/\/evalart.com\/pb\/?s={search_term_string}"},"query-input":{"@type":"PropertyValueSpecification","valueRequired":true,"valueName":"search_term_string"}}],"inLanguage":"pt-BR"},{"@type":"Organization","@id":"https:\/\/evalart.com\/pb\/#organization","name":"Evalart","url":"https:\/\/evalart.com\/pb\/","logo":{"@type":"ImageObject","inLanguage":"pt-BR","@id":"https:\/\/evalart.com\/pb\/#\/schema\/logo\/image\/","url":"https:\/\/dev-wp.evalartapp.com\/wp-content\/uploads\/2024\/03\/evalart-logo.svg","contentUrl":"https:\/\/dev-wp.evalartapp.com\/wp-content\/uploads\/2024\/03\/evalart-logo.svg","caption":"Evalart"},"image":{"@id":"https:\/\/evalart.com\/pb\/#\/schema\/logo\/image\/"}}]}},"_links":{"self":[{"href":"https:\/\/dev-wp.evalartapp.com\/pb\/wp-json\/wp\/v2\/pages\/177","targetHints":{"allow":["GET"]}}],"collection":[{"href":"https:\/\/dev-wp.evalartapp.com\/pb\/wp-json\/wp\/v2\/pages"}],"about":[{"href":"https:\/\/dev-wp.evalartapp.com\/pb\/wp-json\/wp\/v2\/types\/page"}],"author":[{"embeddable":true,"href":"https:\/\/dev-wp.evalartapp.com\/pb\/wp-json\/wp\/v2\/users\/5"}],"replies":[{"embeddable":true,"href":"https:\/\/dev-wp.evalartapp.com\/pb\/wp-json\/wp\/v2\/comments?post=177"}],"version-history":[{"count":14,"href":"https:\/\/dev-wp.evalartapp.com\/pb\/wp-json\/wp\/v2\/pages\/177\/revisions"}],"predecessor-version":[{"id":2373,"href":"https:\/\/dev-wp.evalartapp.com\/pb\/wp-json\/wp\/v2\/pages\/177\/revisions\/2373"}],"wp:featuredmedia":[{"embeddable":true,"href":"https:\/\/dev-wp.evalartapp.com\/pb\/wp-json\/wp\/v2\/media\/179"}],"wp:attachment":[{"href":"https:\/\/dev-wp.evalartapp.com\/pb\/wp-json\/wp\/v2\/media?parent=177"}],"curies":[{"name":"wp","href":"https:\/\/api.w.org\/{rel}","templated":true}]}}