{"id":530,"date":"2017-05-14T10:17:42","date_gmt":"2017-05-14T10:17:42","guid":{"rendered":"https:\/\/dev-wp.evalartapp.com\/?page_id=530"},"modified":"2025-01-16T07:06:13","modified_gmt":"2025-01-16T07:06:13","slug":"about-us","status":"publish","type":"page","link":"https:\/\/dev-wp.evalartapp.com\/pb\/about-us\/","title":{"rendered":"Sobre n\u00f3s"},"content":{"rendered":"<p>Na Evalart, acreditamos que o talento humano \u00e9 o recurso mais valioso para alcan\u00e7ar os objetivos de qualquer empresa. Por isso, facilitar a identifica\u00e7\u00e3o e contrata\u00e7\u00e3o dos melhores talentos \u00e9 a nossa miss\u00e3o.<\/p>\n<p>Nosso objetivo \u00e9 oferecer \u00e0s empresas as ferramentas mais inovadoras e eficazes para avaliar e contratar o talento que realmente precisam. Com nossas solu\u00e7\u00f5es de recrutamento, qualquer empresa, em qualquer lugar, pode avaliar mais candidatos, de forma mais r\u00e1pida e eficiente, alcan\u00e7ando um processo de sele\u00e7\u00e3o justo, conveniente e voltado para melhores resultados.<\/p>\n<p>Na Evalart, n\u00e3o ajudamos apenas as empresas, mas tamb\u00e9m os candidatos, garantindo processos que reconhe\u00e7am suas habilidades e os conectem \u00e0s empresas ideais para eles.<\/p>\n<p>Nossa vis\u00e3o \u00e9 nos tornar uma marca global de refer\u00eancia na avalia\u00e7\u00e3o de talentos, ajudando a construir equipes excepcionais. Para alcan\u00e7ar isso, focamos em dois pilares fundamentais:<\/p>\n<ol>\n<li><strong><span class=\"notion-enable-hover\" data-token-index=\"0\">Entender nossos clientes:<\/span><\/strong> Criamos ferramentas precisas e adaptadas \u00e0s necessidades espec\u00edficas de cada empresa.<!-- notionvc: b9e8b257-a7e4-46a1-ab9c-52c9499de425 --><\/li>\n<li><strong><span class=\"notion-enable-hover\" data-token-index=\"0\">Inova\u00e7\u00e3o constante:<\/span><\/strong> Utilizamos tecnologia de ponta para oferecer solu\u00e7\u00f5es confi\u00e1veis, eficientes e sempre alinhadas aos desafios do mercado atual.<!-- notionvc: 37988296-998d-4381-9537-f94b0f254cae --><\/li>\n<\/ol>\n<p>Na Evalart, estamos comprometidos em transformar o recrutamento e ser o parceiro ideal para que as empresas alcancem o sucesso.<\/p>","protected":false},"excerpt":{"rendered":"<p>Na Evalart, acreditamos que o talento humano \u00e9 o recurso mais valioso para alcan\u00e7ar os objetivos de qualquer empresa. Por isso, facilitar a identifica\u00e7\u00e3o e contrata\u00e7\u00e3o dos melhores talentos \u00e9 a nossa miss\u00e3o. Nosso objetivo \u00e9 oferecer \u00e0s empresas as ferramentas mais inovadoras e eficazes para avaliar e contratar o talento que realmente precisam. Com [&hellip;]<\/p>\n","protected":false},"author":5,"featured_media":0,"parent":0,"menu_order":0,"comment_status":"closed","ping_status":"closed","template":"","meta":{"_acf_changed":false,"inline_featured_image":false,"footnotes":""},"class_list":["post-530","page","type-page","status-publish","hentry"],"acf":[],"yoast_head":"<!-- This site is optimized with the Yoast SEO plugin v27.1.1 - https:\/\/yoast.com\/product\/yoast-seo-wordpress\/ -->\n<title>Sobre n\u00f3s - Evalart<\/title>\n<meta name=\"robots\" content=\"index, follow, max-snippet:-1, max-image-preview:large, max-video-preview:-1\" \/>\n<link rel=\"canonical\" href=\"https:\/\/evalart.com\/es\/about-us\/\" \/>\n<meta property=\"og:locale\" content=\"pt_BR\" \/>\n<meta property=\"og:type\" content=\"article\" \/>\n<meta property=\"og:title\" content=\"[:en]About us[:es]Acerca de nosotros[:pb]Sobre n\u00f3s[:] - Evalart\" \/>\n<meta property=\"og:description\" content=\"Na Evalart, acreditamos que o talento humano \u00e9 o recurso mais valioso para alcan\u00e7ar os objetivos de qualquer empresa. Por isso, facilitar a identifica\u00e7\u00e3o e contrata\u00e7\u00e3o dos melhores talentos \u00e9 a nossa miss\u00e3o. Nosso objetivo \u00e9 oferecer \u00e0s empresas as ferramentas mais inovadoras e eficazes para avaliar e contratar o talento que realmente precisam. Com [&hellip;]\" \/>\n<meta property=\"og:url\" content=\"https:\/\/evalart.com\/es\/about-us\/\" \/>\n<meta property=\"og:site_name\" content=\"Evalart\" \/>\n<meta property=\"article:modified_time\" content=\"2025-01-16T07:06:13+00:00\" \/>\n<meta name=\"twitter:card\" content=\"summary_large_image\" \/>\n<meta name=\"twitter:label1\" content=\"Est. tempo de leitura\" \/>\n\t<meta name=\"twitter:data1\" content=\"2 minutos\" \/>\n<script type=\"application\/ld+json\" class=\"yoast-schema-graph\">{\"@context\":\"https:\/\/schema.org\",\"@graph\":[{\"@type\":\"WebPage\",\"@id\":\"https:\/\/evalart.com\/es\/about-us\/\",\"url\":\"https:\/\/evalart.com\/es\/about-us\/\",\"name\":\"[:en]About us[:es]Acerca de nosotros[:pb]Sobre n\u00f3s[:] - Evalart\",\"isPartOf\":{\"@id\":\"https:\/\/evalart.com\/pb\/#website\"},\"datePublished\":\"2017-05-14T10:17:42+00:00\",\"dateModified\":\"2025-01-16T07:06:13+00:00\",\"breadcrumb\":{\"@id\":\"https:\/\/evalart.com\/es\/about-us\/#breadcrumb\"},\"inLanguage\":\"pt-BR\",\"potentialAction\":[{\"@type\":\"ReadAction\",\"target\":[\"https:\/\/evalart.com\/es\/about-us\/\"]}]},{\"@type\":\"BreadcrumbList\",\"@id\":\"https:\/\/evalart.com\/es\/about-us\/#breadcrumb\",\"itemListElement\":[{\"@type\":\"ListItem\",\"position\":1,\"name\":\"Portada\",\"item\":\"https:\/\/evalart.com\/pb\/\"},{\"@type\":\"ListItem\",\"position\":2,\"name\":\"Acerca de nosotros\"}]},{\"@type\":\"WebSite\",\"@id\":\"https:\/\/evalart.com\/pb\/#website\",\"url\":\"https:\/\/evalart.com\/pb\/\",\"name\":\"Evalart\",\"description\":\"Skills Assessment Platform for your Recruiting Process\",\"publisher\":{\"@id\":\"https:\/\/evalart.com\/pb\/#organization\"},\"potentialAction\":[{\"@type\":\"SearchAction\",\"target\":{\"@type\":\"EntryPoint\",\"urlTemplate\":\"https:\/\/evalart.com\/pb\/?s={search_term_string}\"},\"query-input\":{\"@type\":\"PropertyValueSpecification\",\"valueRequired\":true,\"valueName\":\"search_term_string\"}}],\"inLanguage\":\"pt-BR\"},{\"@type\":\"Organization\",\"@id\":\"https:\/\/evalart.com\/pb\/#organization\",\"name\":\"Evalart\",\"url\":\"https:\/\/evalart.com\/pb\/\",\"logo\":{\"@type\":\"ImageObject\",\"inLanguage\":\"pt-BR\",\"@id\":\"https:\/\/evalart.com\/pb\/#\/schema\/logo\/image\/\",\"url\":\"https:\/\/dev-wp.evalartapp.com\/wp-content\/uploads\/2024\/03\/evalart-logo.svg\",\"contentUrl\":\"https:\/\/dev-wp.evalartapp.com\/wp-content\/uploads\/2024\/03\/evalart-logo.svg\",\"caption\":\"Evalart\"},\"image\":{\"@id\":\"https:\/\/evalart.com\/pb\/#\/schema\/logo\/image\/\"}}]}<\/script>\n<!-- \/ Yoast SEO plugin. -->","yoast_head_json":{"title":"[:en]About us[:es]Acerca de nosotros[:pb]Sobre n\u00f3s[:] - Evalart","robots":{"index":"index","follow":"follow","max-snippet":"max-snippet:-1","max-image-preview":"max-image-preview:large","max-video-preview":"max-video-preview:-1"},"canonical":"https:\/\/evalart.com\/es\/about-us\/","og_locale":"pt_BR","og_type":"article","og_title":"[:en]About us[:es]Acerca de nosotros[:pb]Sobre n\u00f3s[:] - Evalart","og_description":"Na Evalart, acreditamos que o talento humano \u00e9 o recurso mais valioso para alcan\u00e7ar os objetivos de qualquer empresa. Por isso, facilitar a identifica\u00e7\u00e3o e contrata\u00e7\u00e3o dos melhores talentos \u00e9 a nossa miss\u00e3o. Nosso objetivo \u00e9 oferecer \u00e0s empresas as ferramentas mais inovadoras e eficazes para avaliar e contratar o talento que realmente precisam. Com [&hellip;]","og_url":"https:\/\/evalart.com\/es\/about-us\/","og_site_name":"Evalart","article_modified_time":"2025-01-16T07:06:13+00:00","twitter_card":"summary_large_image","twitter_misc":{"Est. tempo de leitura":"2 minutos"},"schema":{"@context":"https:\/\/schema.org","@graph":[{"@type":"WebPage","@id":"https:\/\/evalart.com\/es\/about-us\/","url":"https:\/\/evalart.com\/es\/about-us\/","name":"[:en]About us[:es]Acerca de nosotros[:pb]Sobre n\u00f3s[:] - Evalart","isPartOf":{"@id":"https:\/\/evalart.com\/pb\/#website"},"datePublished":"2017-05-14T10:17:42+00:00","dateModified":"2025-01-16T07:06:13+00:00","breadcrumb":{"@id":"https:\/\/evalart.com\/es\/about-us\/#breadcrumb"},"inLanguage":"pt-BR","potentialAction":[{"@type":"ReadAction","target":["https:\/\/evalart.com\/es\/about-us\/"]}]},{"@type":"BreadcrumbList","@id":"https:\/\/evalart.com\/es\/about-us\/#breadcrumb","itemListElement":[{"@type":"ListItem","position":1,"name":"Portada","item":"https:\/\/evalart.com\/pb\/"},{"@type":"ListItem","position":2,"name":"Acerca de nosotros"}]},{"@type":"WebSite","@id":"https:\/\/evalart.com\/pb\/#website","url":"https:\/\/evalart.com\/pb\/","name":"Evalart","description":"Skills Assessment Platform for your Recruiting Process","publisher":{"@id":"https:\/\/evalart.com\/pb\/#organization"},"potentialAction":[{"@type":"SearchAction","target":{"@type":"EntryPoint","urlTemplate":"https:\/\/evalart.com\/pb\/?s={search_term_string}"},"query-input":{"@type":"PropertyValueSpecification","valueRequired":true,"valueName":"search_term_string"}}],"inLanguage":"pt-BR"},{"@type":"Organization","@id":"https:\/\/evalart.com\/pb\/#organization","name":"Evalart","url":"https:\/\/evalart.com\/pb\/","logo":{"@type":"ImageObject","inLanguage":"pt-BR","@id":"https:\/\/evalart.com\/pb\/#\/schema\/logo\/image\/","url":"https:\/\/dev-wp.evalartapp.com\/wp-content\/uploads\/2024\/03\/evalart-logo.svg","contentUrl":"https:\/\/dev-wp.evalartapp.com\/wp-content\/uploads\/2024\/03\/evalart-logo.svg","caption":"Evalart"},"image":{"@id":"https:\/\/evalart.com\/pb\/#\/schema\/logo\/image\/"}}]}},"_links":{"self":[{"href":"https:\/\/dev-wp.evalartapp.com\/pb\/wp-json\/wp\/v2\/pages\/530","targetHints":{"allow":["GET"]}}],"collection":[{"href":"https:\/\/dev-wp.evalartapp.com\/pb\/wp-json\/wp\/v2\/pages"}],"about":[{"href":"https:\/\/dev-wp.evalartapp.com\/pb\/wp-json\/wp\/v2\/types\/page"}],"author":[{"embeddable":true,"href":"https:\/\/dev-wp.evalartapp.com\/pb\/wp-json\/wp\/v2\/users\/5"}],"replies":[{"embeddable":true,"href":"https:\/\/dev-wp.evalartapp.com\/pb\/wp-json\/wp\/v2\/comments?post=530"}],"version-history":[{"count":9,"href":"https:\/\/dev-wp.evalartapp.com\/pb\/wp-json\/wp\/v2\/pages\/530\/revisions"}],"predecessor-version":[{"id":4265,"href":"https:\/\/dev-wp.evalartapp.com\/pb\/wp-json\/wp\/v2\/pages\/530\/revisions\/4265"}],"wp:attachment":[{"href":"https:\/\/dev-wp.evalartapp.com\/pb\/wp-json\/wp\/v2\/media?parent=530"}],"curies":[{"name":"wp","href":"https:\/\/api.w.org\/{rel}","templated":true}]}}